{"id":100693,"date":"2023-04-26T13:49:23","date_gmt":"2023-04-26T11:49:23","guid":{"rendered":"https:\/\/neocarbone.com\/?post_type=product&#038;p=100693"},"modified":"2023-04-26T13:51:15","modified_gmt":"2023-04-26T11:51:15","slug":"epsealon-striker-special-edition-tsc-90","status":"publish","type":"product","link":"https:\/\/neocarbone.com\/it\/product\/epsealon-striker-special-edition-tsc-90\/","title":{"rendered":"Epsealon Striker edizione speciale TSC 90"},"content":{"rendered":"<ul>\n<li>Ambitextrous, una carabina leggera e pratica, sviluppata appositamente per il tiro ai bersagli in piscina e testata da uno dei nostri pi\u00f9 grandi campioni francesi,<\/li>\n<li>Tubo dal diametro di 28 millimetri, alluminio anodizzato nero da 1 mm con guida a freccia tagliata con una lunghezza totale di 20 cm, in conformit\u00e0 con le regole e le condizioni di utilizzo nelle competizioni nazionali in Francia,<\/li>\n<li>Movimento incorporato in un unico pezzo in acciaio inossidabile 316L con caricamento posteriore perforato. e un obiettivo chiaro,<\/li>\n<li>Maniglia ergonomica e robusta progettata con un angolo di inclinazione ideale,<\/li>\n<li>Testata chiusa con vista,<\/li>\n<li>Fissaggio per viti ed elastici circolari,<\/li>\n<li>Manico e testa in nylon 6 caricato con fibra di vetro 30% per una migliore resistenza,<\/li>\n<li>Sandvik in acciaio inossidabile, diametro 6,25 mm, lunghezza 135 cm,<\/li>\n<li>Un leggero eccesso di 5 cm rispetto alla lunghezza standard,<\/li>\n<li>Permette di aumentare la qualit\u00e0 della precisione.<\/li>\n<li>Elastici SuperNova da 14mm legati a mano con inserti in acciaio inox\/Delrin e ogiva snodabile.<\/li>\n<\/ul>","protected":false},"excerpt":{"rendered":"<p>Ambitextrous, lagana i prakti\u010dna pu\u0161ka, posebno razvijena za ga\u0111anje ciljeva u bazenu i provjerena od strane jednog od na\u0161ih najve\u0107ih francuskih prvaka, Cijev promjera 28 milimetara aluminij 1mm crni anodizirani s rezanim vodi\u010dem strelice ukupne du\u017eine 20cm,u skladu sa pravilima i uvjetima kori\u0161tenja na nacionalnim natjecanjima u Francuskoj, Ugra\u0111eni mehanizam od nehr\u0111aju\u0107eg \u010delika 316L u [&hellip;]<\/p>\n","protected":false},"featured_media":100741,"template":"","meta":{"_et_pb_use_builder":"","_et_pb_old_content":"","_et_gb_content_width":""},"product_brand":[],"product_cat":[76,77],"product_tag":[],"class_list":{"0":"post-100693","1":"product","2":"type-product","3":"status-publish","4":"has-post-thumbnail","6":"product_cat-podvodne-puske","7":"product_cat-podvodne-puske-aluminijske","9":"first","10":"instock","11":"shipping-taxable","12":"purchasable","13":"product-type-simple"},"_links":{"self":[{"href":"https:\/\/neocarbone.com\/it\/wp-json\/wp\/v2\/product\/100693","targetHints":{"allow":["GET"]}}],"collection":[{"href":"https:\/\/neocarbone.com\/it\/wp-json\/wp\/v2\/product"}],"about":[{"href":"https:\/\/neocarbone.com\/it\/wp-json\/wp\/v2\/types\/product"}],"wp:featuredmedia":[{"embeddable":true,"href":"https:\/\/neocarbone.com\/it\/wp-json\/wp\/v2\/media\/100741"}],"wp:attachment":[{"href":"https:\/\/neocarbone.com\/it\/wp-json\/wp\/v2\/media?parent=100693"}],"wp:term":[{"taxonomy":"product_brand","embeddable":true,"href":"https:\/\/neocarbone.com\/it\/wp-json\/wp\/v2\/product_brand?post=100693"},{"taxonomy":"product_cat","embeddable":true,"href":"https:\/\/neocarbone.com\/it\/wp-json\/wp\/v2\/product_cat?post=100693"},{"taxonomy":"product_tag","embeddable":true,"href":"https:\/\/neocarbone.com\/it\/wp-json\/wp\/v2\/product_tag?post=100693"}],"curies":[{"name":"wp","href":"https:\/\/api.w.org\/{rel}","templated":true}]}}