{"id":100713,"date":"2023-04-26T13:49:25","date_gmt":"2023-04-26T11:49:25","guid":{"rendered":"https:\/\/neocarbone.com\/?post_type=product&#038;p=100713"},"modified":"2025-07-07T18:12:12","modified_gmt":"2025-07-07T16:12:12","slug":"podvodna-puska-roller-inverter-105cm","status":"publish","type":"product","link":"https:\/\/neocarbone.com\/it\/product\/podvodna-puska-roller-inverter-105cm\/","title":{"rendered":"Fucile subacqueo Roller Inverter Black Camo 105cm"},"content":{"rendered":"<p><strong>NC105Ri \u2013 Pistola in legno Roller Inverter<\/strong><\/p>\n<p>Corpo e maniglia lavorati a mano in selezionato laminato mogano-iroko con guida integrata, raccordo e protezione realizzati con resine epossidiche e poliuretaniche<\/p>\n<p>Rinforzo laterale in carbonio e guida integrale in carbonio<\/p>\n<p>Impugnatura ergonomica: destra, (sinistra o universale su ordinazione), con ulteriore strato antiscivolo di sabbia fine<\/p>\n<p>Meccanismo e tutte le parti metalliche in acciaio inossidabile 316L<br \/>\nTesta a rullo singolo con rulli in Derlin<\/p>\n<p>Freccette sandvik da 7,5 mm x 140 cm con 4 ganci<\/p>\n<p>Configurazione dei pneumatici Primeline di 2x14mm starter + 2x16mm bloccati sul rullo su due pneumatici doppi e circolari da 16mm<\/p>\n<p>Ogiva full dyneema 2.3mm Diamond<br \/>\nTampone in gomma antiscivolo e ammortizzante sul tallone del fucile per facilitare l&#039;armamento<\/p>\n<p>Colore mimetico<br \/>\nTre slot per l&#039;aggiunta di pesi per regolare la bilancia secondo i gusti dell&#039;utente, la configurazione iniziale \u00e8 neutra<br \/>\nLa carabina \u00e8 dotata di mulinello exium 50m, piombo, tendigomme e ogni altra attrezzatura, bilanciata e pronta per la caccia.<\/p>","protected":false},"excerpt":{"rendered":"<p><a href=\"https:\/\/neocarbone.com\/it\/contact-us\/?v=fd4c638da5f8\">Immediatamente disponibile - Contattaci.<\/a><\/p>","protected":false},"featured_media":226033,"template":"","meta":{"_et_pb_use_builder":"on","_et_pb_old_content":"<strong>NC105Ri \u2013 Drvena puska Roller Inverter<\/strong>\r\n\r\nRu\u010dno izra\u0111eni\u00a0tijelo i ru\u010dka od biranog laminata mahagonij-iroko sa integriranom vodilicom, spajanje i za\u0161tita izvedena je epoxy i poliuretanskim smolama\r\n\r\nBocno poja\u010danje s karbonom i integralna vodilica od karbona\r\n\r\nErgonomska ru\u010dka: desna, (lijeva ili univerzalna po narud\u017ebi), sa dodatni\u00a0 protu-kliznim slojem finog\u00a0 pijeska\r\n\r\nMehanizam i svi metalni dijelovi izra\u0111eni od 316L nehr\u0111aju\u010deg \u010delika\r\nJednostruka roller glava sa Derlin rolama\r\n\r\n7,5mm x 140 cm sandvik strelice sa 4 kukicama\r\n\r\nPrimeline setup gume od 2x14mm starter + 2x16mm blokirani preko rola na dva 16mm dupli i cirkular gume\r\n\r\nFull dyneema ogive\u00a02,3mm Diamond\r\nGumena protuklizna i amortiziraju\u0107a podlo\u0161ka na peti pu\u0161ke radi lak\u0161eg napinjanja\r\n\r\nBoja camo\r\nTri utora za dodavanje utega radi prilago\u0111avanja balansa po ukusu korisnika, po\u010detni setup je neutralan\r\nPu\u0161ka dolazi opremljena sa mulinelom exium50m, predvezom, natezaca za gume i svom ostalom opremom, balansirana i\u00a0 spremna za lov.","_et_gb_content_width":""},"product_brand":[],"product_cat":[79,71,76,80],"product_tag":[],"class_list":{"0":"post-100713","1":"product","2":"type-product","3":"status-publish","4":"has-post-thumbnail","6":"product_cat-nc-podvodne-puske","7":"product_cat-nc-proizvodi","8":"product_cat-podvodne-puske","9":"product_cat-podvodne-puske-drvene","11":"first","12":"onbackorder","13":"shipping-taxable","14":"product-type-simple"},"_links":{"self":[{"href":"https:\/\/neocarbone.com\/it\/wp-json\/wp\/v2\/product\/100713","targetHints":{"allow":["GET"]}}],"collection":[{"href":"https:\/\/neocarbone.com\/it\/wp-json\/wp\/v2\/product"}],"about":[{"href":"https:\/\/neocarbone.com\/it\/wp-json\/wp\/v2\/types\/product"}],"wp:featuredmedia":[{"embeddable":true,"href":"https:\/\/neocarbone.com\/it\/wp-json\/wp\/v2\/media\/226033"}],"wp:attachment":[{"href":"https:\/\/neocarbone.com\/it\/wp-json\/wp\/v2\/media?parent=100713"}],"wp:term":[{"taxonomy":"product_brand","embeddable":true,"href":"https:\/\/neocarbone.com\/it\/wp-json\/wp\/v2\/product_brand?post=100713"},{"taxonomy":"product_cat","embeddable":true,"href":"https:\/\/neocarbone.com\/it\/wp-json\/wp\/v2\/product_cat?post=100713"},{"taxonomy":"product_tag","embeddable":true,"href":"https:\/\/neocarbone.com\/it\/wp-json\/wp\/v2\/product_tag?post=100713"}],"curies":[{"name":"wp","href":"https:\/\/api.w.org\/{rel}","templated":true}]}}