{"id":101014,"date":"2023-04-26T14:10:17","date_gmt":"2023-04-26T12:10:17","guid":{"rendered":"https:\/\/neocarbone.com\/?post_type=product&#038;p=101014"},"modified":"2023-04-26T14:12:54","modified_gmt":"2023-04-26T12:12:54","slug":"glava-za-pusku-cobra","status":"publish","type":"product","link":"https:\/\/neocarbone.com\/it\/product\/glava-za-pusku-cobra\/","title":{"rendered":"Testa di fucile - Cobra"},"content":{"rendered":"<p>Glava za pu\u0161ku izra\u0111ena od najlona 6 sa 30% stakloplastike za bolju otpornost.<\/p>\n<p>Raccordo maschio con doppia tenuta O-ring, diametro 26 mm.<\/p>\n<p>Possibilit\u00e0 di passaggio pneumatici su entrambi i lati.<\/p>\n<p>Perno in acciaio inossidabile 316L per tenere saldamente l&#039;ammortizzatore.<\/p>\n<p>Fornito con supporto e perno.<\/p>","protected":false},"excerpt":{"rendered":"<p>Glava za pu\u0161ku izra\u0111ena od najlona 6 sa 30% stakloplastike za bolju otpornost. Mu\u0161ki spoj s dvostrukom brtvom O-prstena promjera 26 mm. Mogu\u0107nost prolaska guma s obje strane. \u0160tift od nehr\u0111aju\u0107eg \u010delika 316L za \u010dvrsto dr\u017eanje amortizera. Isporu\u010duje se s dr\u017ea\u010dem i \u0161tiftom.<\/p>","protected":false},"featured_media":101095,"template":"","meta":{"_et_pb_use_builder":"","_et_pb_old_content":"","_et_gb_content_width":""},"product_brand":[],"product_cat":[81],"product_tag":[],"class_list":{"0":"post-101014","1":"product","2":"type-product","3":"status-publish","4":"has-post-thumbnail","6":"product_cat-pribor-i-oprema","8":"first","9":"instock","10":"shipping-taxable","11":"purchasable","12":"product-type-simple"},"_links":{"self":[{"href":"https:\/\/neocarbone.com\/it\/wp-json\/wp\/v2\/product\/101014","targetHints":{"allow":["GET"]}}],"collection":[{"href":"https:\/\/neocarbone.com\/it\/wp-json\/wp\/v2\/product"}],"about":[{"href":"https:\/\/neocarbone.com\/it\/wp-json\/wp\/v2\/types\/product"}],"wp:featuredmedia":[{"embeddable":true,"href":"https:\/\/neocarbone.com\/it\/wp-json\/wp\/v2\/media\/101095"}],"wp:attachment":[{"href":"https:\/\/neocarbone.com\/it\/wp-json\/wp\/v2\/media?parent=101014"}],"wp:term":[{"taxonomy":"product_brand","embeddable":true,"href":"https:\/\/neocarbone.com\/it\/wp-json\/wp\/v2\/product_brand?post=101014"},{"taxonomy":"product_cat","embeddable":true,"href":"https:\/\/neocarbone.com\/it\/wp-json\/wp\/v2\/product_cat?post=101014"},{"taxonomy":"product_tag","embeddable":true,"href":"https:\/\/neocarbone.com\/it\/wp-json\/wp\/v2\/product_tag?post=101014"}],"curies":[{"name":"wp","href":"https:\/\/api.w.org\/{rel}","templated":true}]}}