{"id":101022,"date":"2023-04-26T14:10:40","date_gmt":"2023-04-26T12:10:40","guid":{"rendered":"https:\/\/neocarbone.com\/?post_type=product&#038;p=101022"},"modified":"2023-04-26T14:12:59","modified_gmt":"2023-04-26T12:12:59","slug":"glava-za-pusku-roller","status":"publish","type":"product","link":"https:\/\/neocarbone.com\/it\/product\/glava-za-pusku-roller\/","title":{"rendered":"Dirigiti verso un fucile - Roller"},"content":{"rendered":"<p>Testa a rullo per fucile. Puleggia Rollo.<\/p>\n<p>Tappo in acciaio inossidabile. Il corpo di Delrin.<\/p>\n<p>Guida freccia in acciaio inox.<\/p>\n<p>Testa diametro 25,4 mm con doppia tenuta O-ring.<\/p>\n<p>Per il montaggio su una canna di fucile standard.<\/p>","protected":false},"excerpt":{"rendered":"<p>Roller glava za pu\u0161ku. Rolo remenica. \u010cep od nehr\u0111aju\u0107eg \u010delika. Delrin tijelo. Vodilica strijele od nehr\u0111aju\u0107eg \u010delika. Glava promjera 25,4 mm s dvostrukim O-ring brtvama. Za postavljanje na standardnu cijev pu\u0161ke.<\/p>","protected":false},"featured_media":101101,"template":"","meta":{"_et_pb_use_builder":"","_et_pb_old_content":"","_et_gb_content_width":""},"product_brand":[],"product_cat":[81],"product_tag":[],"class_list":{"0":"post-101022","1":"product","2":"type-product","3":"status-publish","4":"has-post-thumbnail","6":"product_cat-pribor-i-oprema","8":"first","9":"instock","10":"shipping-taxable","11":"purchasable","12":"product-type-simple"},"_links":{"self":[{"href":"https:\/\/neocarbone.com\/it\/wp-json\/wp\/v2\/product\/101022","targetHints":{"allow":["GET"]}}],"collection":[{"href":"https:\/\/neocarbone.com\/it\/wp-json\/wp\/v2\/product"}],"about":[{"href":"https:\/\/neocarbone.com\/it\/wp-json\/wp\/v2\/types\/product"}],"wp:featuredmedia":[{"embeddable":true,"href":"https:\/\/neocarbone.com\/it\/wp-json\/wp\/v2\/media\/101101"}],"wp:attachment":[{"href":"https:\/\/neocarbone.com\/it\/wp-json\/wp\/v2\/media?parent=101022"}],"wp:term":[{"taxonomy":"product_brand","embeddable":true,"href":"https:\/\/neocarbone.com\/it\/wp-json\/wp\/v2\/product_brand?post=101022"},{"taxonomy":"product_cat","embeddable":true,"href":"https:\/\/neocarbone.com\/it\/wp-json\/wp\/v2\/product_cat?post=101022"},{"taxonomy":"product_tag","embeddable":true,"href":"https:\/\/neocarbone.com\/it\/wp-json\/wp\/v2\/product_tag?post=101022"}],"curies":[{"name":"wp","href":"https:\/\/api.w.org\/{rel}","templated":true}]}}