{"id":101336,"date":"2023-04-26T14:37:12","date_gmt":"2023-04-26T12:37:12","guid":{"rendered":"https:\/\/neocarbone.com\/?post_type=product&#038;p=101336"},"modified":"2023-04-26T14:39:15","modified_gmt":"2023-04-26T12:39:15","slug":"odijelo-bez-kapuljace-abyss-2mm-muski","status":"publish","type":"product","link":"https:\/\/neocarbone.com\/it\/product\/odijelo-bez-kapuljace-abyss-2mm-muski\/","title":{"rendered":"Tuta senza cappuccio Abyss 2mm \u2013 uomo"},"content":{"rendered":"<ul>\n<li>Neoprene Super Glide Skin Yamamoto parte esterna ultra liscia con rivestimento Super Composite Skin per un facile movimento in acqua,<\/li>\n<li>Fodera interna in Elastina per la massima elasticit\u00e0 e comfort, nonch\u00e9 per vestirsi e svestirsi rapidamente,<\/li>\n<li>Sistema di tenuta idrodinamica - chiusura della tuta con un sistema di alette sulle maniche che impediscono l&#039;ingresso dell&#039;acqua e favoriscono l&#039;idrodinamica,<\/li>\n<li>Easy Fit System Col cucito in Dolphin Speed Ultra elastico e resistente per facilitare la vestizione sulla parte superiore,<\/li>\n<li>Modello consigliato con manica collo da 2 mm.<\/li>\n<\/ul>","protected":false},"excerpt":{"rendered":"<p>Super Glide Skin neoprenski Yamamoto ultra glatki vanjski dio sa Super Composite Skin presvlakom za lako kretanje u vodi, Unutarnja obloga od Elastina za maksimalnu rastezljivost i udobnost, kao i za brzo odijevanje i svla\u010denje, Hidro-dinami\u010dki sustav brtvljenja &#8211; zatvaranje kombinezona sa sustavom zaklopki na rukavima koji sprje\u010davaju ulazak vode i poti\u010du hidrodinamiku, Easy Fit [&hellip;]<\/p>\n","protected":false},"featured_media":101368,"template":"","meta":{"_et_pb_use_builder":"","_et_pb_old_content":"","_et_gb_content_width":""},"product_brand":[],"product_cat":[52],"product_tag":[],"class_list":{"0":"post-101336","1":"product","2":"type-product","3":"status-publish","4":"has-post-thumbnail","6":"product_cat-ronjenje-na-dah-free-diving","8":"first","9":"instock","10":"shipping-taxable","11":"purchasable","12":"product-type-variable"},"_links":{"self":[{"href":"https:\/\/neocarbone.com\/it\/wp-json\/wp\/v2\/product\/101336","targetHints":{"allow":["GET"]}}],"collection":[{"href":"https:\/\/neocarbone.com\/it\/wp-json\/wp\/v2\/product"}],"about":[{"href":"https:\/\/neocarbone.com\/it\/wp-json\/wp\/v2\/types\/product"}],"wp:featuredmedia":[{"embeddable":true,"href":"https:\/\/neocarbone.com\/it\/wp-json\/wp\/v2\/media\/101368"}],"wp:attachment":[{"href":"https:\/\/neocarbone.com\/it\/wp-json\/wp\/v2\/media?parent=101336"}],"wp:term":[{"taxonomy":"product_brand","embeddable":true,"href":"https:\/\/neocarbone.com\/it\/wp-json\/wp\/v2\/product_brand?post=101336"},{"taxonomy":"product_cat","embeddable":true,"href":"https:\/\/neocarbone.com\/it\/wp-json\/wp\/v2\/product_cat?post=101336"},{"taxonomy":"product_tag","embeddable":true,"href":"https:\/\/neocarbone.com\/it\/wp-json\/wp\/v2\/product_tag?post=101336"}],"curies":[{"name":"wp","href":"https:\/\/api.w.org\/{rel}","templated":true}]}}