{"id":101337,"date":"2023-04-26T14:37:12","date_gmt":"2023-04-26T12:37:12","guid":{"rendered":"https:\/\/neocarbone.com\/?post_type=product&#038;p=101337"},"modified":"2023-04-26T14:39:15","modified_gmt":"2023-04-26T12:39:15","slug":"odijelo-bez-kapuljace-abyss-2mm-zensko","status":"publish","type":"product","link":"https:\/\/neocarbone.com\/it\/product\/odijelo-bez-kapuljace-abyss-2mm-zensko\/","title":{"rendered":"Tuta senza cappuccio Abyss 2mm \u2013 donna"},"content":{"rendered":"<ul>\n<li>Neoprene Parte esterna molto ultra liscia,<\/li>\n<li>Fodera interna in elastan per la massima elasticit\u00e0 e comfort, oltre a vestirsi e svestirsi rapidamente,<\/li>\n<li>Neck cuff, sistema - chiusura della tuta con polsino sul collo, che annulla l&#039;ingresso dell&#039;acqua e favorisce l&#039;idrodinamica,<\/li>\n<li>Modello proposto in 2 mm con chiusura posteriore,<\/li>\n<li>Taglio ergonomico con maniche preformate risvoltate per il massimo comfort nella posizione idrodinamica delle braccia sollevate.<\/li>\n<\/ul>","protected":false},"excerpt":{"rendered":"<p>Neoprenski Jako ultra glatki vanjski dio, Elastina unutarnja obloga za maksimalno rastezanje i udobnost, kao i brzo odijevanje i svla\u010denje, Man\u017eeta za vrat, sustav &#8211; zatvaranje kombinezona man\u0161etom za vrat \u0161to poni\u0161tava ulazak vode i poti\u010de hidrodinamiku, Model predlo\u017een u 2 mm sa stra\u017enjim zatvara\u010dem, Ergonomski rez s pred oblikovanim okrenutim rukavcima za maksimalnu udobnost [&hellip;]<\/p>\n","protected":false},"featured_media":101374,"template":"","meta":{"_et_pb_use_builder":"","_et_pb_old_content":"","_et_gb_content_width":""},"product_brand":[],"product_cat":[52],"product_tag":[],"class_list":{"0":"post-101337","1":"product","2":"type-product","3":"status-publish","4":"has-post-thumbnail","6":"product_cat-ronjenje-na-dah-free-diving","8":"first","9":"instock","10":"shipping-taxable","11":"purchasable","12":"product-type-variable"},"_links":{"self":[{"href":"https:\/\/neocarbone.com\/it\/wp-json\/wp\/v2\/product\/101337","targetHints":{"allow":["GET"]}}],"collection":[{"href":"https:\/\/neocarbone.com\/it\/wp-json\/wp\/v2\/product"}],"about":[{"href":"https:\/\/neocarbone.com\/it\/wp-json\/wp\/v2\/types\/product"}],"wp:featuredmedia":[{"embeddable":true,"href":"https:\/\/neocarbone.com\/it\/wp-json\/wp\/v2\/media\/101374"}],"wp:attachment":[{"href":"https:\/\/neocarbone.com\/it\/wp-json\/wp\/v2\/media?parent=101337"}],"wp:term":[{"taxonomy":"product_brand","embeddable":true,"href":"https:\/\/neocarbone.com\/it\/wp-json\/wp\/v2\/product_brand?post=101337"},{"taxonomy":"product_cat","embeddable":true,"href":"https:\/\/neocarbone.com\/it\/wp-json\/wp\/v2\/product_cat?post=101337"},{"taxonomy":"product_tag","embeddable":true,"href":"https:\/\/neocarbone.com\/it\/wp-json\/wp\/v2\/product_tag?post=101337"}],"curies":[{"name":"wp","href":"https:\/\/api.w.org\/{rel}","templated":true}]}}