{"id":101340,"date":"2023-04-26T14:37:13","date_gmt":"2023-04-26T12:37:13","guid":{"rendered":"https:\/\/neocarbone.com\/?post_type=product&#038;p=101340"},"modified":"2023-04-26T14:38:55","modified_gmt":"2023-04-26T12:38:55","slug":"apnea-cabel-1m","status":"publish","type":"product","link":"https:\/\/neocarbone.com\/it\/product\/apnea-cabel-1m\/","title":{"rendered":"Cavo apnea 1m"},"content":{"rendered":"<p>&#039;- Fibbia di sicurezza in acciaio inox con fodero in nylon. Questo cordino \u00e8 progettato per la discesa sicura lungo un cavo o<br \/>\nstabilizzare la posizione di decompressione.- Cinturino da polso in neoprene avvolto in nylon per il massimo comfort.- Sgancio rapido in velcro con presa salda.- &quot;Anello a D&quot; in acciaio inossidabile.- Cavo in nylon avvolto in poliuretano per un peso ultraleggero.- Due forti giri laminati su ciascuno bordo del cavo per evitare qualsiasi punto debole.<\/p>","protected":false},"excerpt":{"rendered":"<p>&#8216;- Sigurnosna kop\u010da od nehr\u0111aju\u0107eg \u010delika s najlonskim omota\u010dem. Ova je uzica dizajnirana za sigurno spu\u0161tanje du\u017e kabela ili stabiliziranje svog dekompresijskog polo\u017eaja.- Neoprenski remen za ru\u010dne zglobove s najlonskim omota\u010dem za udobnost.- Velcro brzo otpu\u0161tanje s \u010dvrstim zadr\u017eavanjem.- D \u00abprsten\u00bb od nehr\u0111aju\u0107eg \u010delika.- Najlonski kabel od poliuretanskog omota\u010da za postizanje ultralagane te\u017eine.- Dva jaka [&hellip;]<\/p>\n","protected":false},"featured_media":101390,"template":"","meta":{"_et_pb_use_builder":"","_et_pb_old_content":"","_et_gb_content_width":""},"product_brand":[],"product_cat":[52],"product_tag":[],"class_list":{"0":"post-101340","1":"product","2":"type-product","3":"status-publish","4":"has-post-thumbnail","6":"product_cat-ronjenje-na-dah-free-diving","8":"first","9":"instock","10":"shipping-taxable","11":"purchasable","12":"product-type-simple"},"_links":{"self":[{"href":"https:\/\/neocarbone.com\/it\/wp-json\/wp\/v2\/product\/101340","targetHints":{"allow":["GET"]}}],"collection":[{"href":"https:\/\/neocarbone.com\/it\/wp-json\/wp\/v2\/product"}],"about":[{"href":"https:\/\/neocarbone.com\/it\/wp-json\/wp\/v2\/types\/product"}],"wp:featuredmedia":[{"embeddable":true,"href":"https:\/\/neocarbone.com\/it\/wp-json\/wp\/v2\/media\/101390"}],"wp:attachment":[{"href":"https:\/\/neocarbone.com\/it\/wp-json\/wp\/v2\/media?parent=101340"}],"wp:term":[{"taxonomy":"product_brand","embeddable":true,"href":"https:\/\/neocarbone.com\/it\/wp-json\/wp\/v2\/product_brand?post=101340"},{"taxonomy":"product_cat","embeddable":true,"href":"https:\/\/neocarbone.com\/it\/wp-json\/wp\/v2\/product_cat?post=101340"},{"taxonomy":"product_tag","embeddable":true,"href":"https:\/\/neocarbone.com\/it\/wp-json\/wp\/v2\/product_tag?post=101340"}],"curies":[{"name":"wp","href":"https:\/\/api.w.org\/{rel}","templated":true}]}}