{"id":101407,"date":"2023-04-26T14:41:59","date_gmt":"2023-04-26T12:41:59","guid":{"rendered":"https:\/\/neocarbone.com\/?post_type=product&#038;p=101407"},"modified":"2025-09-30T01:22:48","modified_gmt":"2025-09-29T23:22:48","slug":"rukavice-amara","status":"publish","type":"product","link":"https:\/\/neocarbone.com\/it\/product\/rukavice-amara\/","title":{"rendered":"Guanti di Amara"},"content":{"rendered":"<ul>\n<li>Guanti in neoprene 2mm, palmo Amara,<\/li>\n<li>Rinforzato con PowerKev sulla punta delle dita,<\/li>\n<li>Cinturino da polso in velcro.<\/li>\n<\/ul>","protected":false},"excerpt":{"rendered":"<p>Neoprenske rukavice 2mm, Amara dlan, Poja\u010dan PowerKev-om na vrhovima prstiju, \u010ci\u010dak remen za zape\u0161\u0107e.<\/p>","protected":false},"featured_media":101474,"template":"","meta":{"_et_pb_use_builder":"","_et_pb_old_content":"","_et_gb_content_width":""},"product_brand":[],"product_cat":[131,92,91],"product_tag":[],"class_list":{"0":"post-101407","1":"product","2":"type-product","3":"status-publish","4":"has-post-thumbnail","6":"product_cat-akcija","7":"product_cat-rukavice","8":"product_cat-rukavice-i-carape","10":"first","11":"instock","12":"shipping-taxable","13":"purchasable","14":"product-type-variable"},"_links":{"self":[{"href":"https:\/\/neocarbone.com\/it\/wp-json\/wp\/v2\/product\/101407","targetHints":{"allow":["GET"]}}],"collection":[{"href":"https:\/\/neocarbone.com\/it\/wp-json\/wp\/v2\/product"}],"about":[{"href":"https:\/\/neocarbone.com\/it\/wp-json\/wp\/v2\/types\/product"}],"wp:featuredmedia":[{"embeddable":true,"href":"https:\/\/neocarbone.com\/it\/wp-json\/wp\/v2\/media\/101474"}],"wp:attachment":[{"href":"https:\/\/neocarbone.com\/it\/wp-json\/wp\/v2\/media?parent=101407"}],"wp:term":[{"taxonomy":"product_brand","embeddable":true,"href":"https:\/\/neocarbone.com\/it\/wp-json\/wp\/v2\/product_brand?post=101407"},{"taxonomy":"product_cat","embeddable":true,"href":"https:\/\/neocarbone.com\/it\/wp-json\/wp\/v2\/product_cat?post=101407"},{"taxonomy":"product_tag","embeddable":true,"href":"https:\/\/neocarbone.com\/it\/wp-json\/wp\/v2\/product_tag?post=101407"}],"curies":[{"name":"wp","href":"https:\/\/api.w.org\/{rel}","templated":true}]}}