{"id":101536,"date":"2023-04-26T14:52:06","date_gmt":"2023-04-26T12:52:06","guid":{"rendered":"https:\/\/neocarbone.com\/?post_type=product&#038;p=101536"},"modified":"2025-01-31T00:02:04","modified_gmt":"2025-01-30T22:02:04","slug":"sandvik-tahitian-o6-25-mm-single-barb","status":"publish","type":"product","link":"https:\/\/neocarbone.com\/it\/product\/sandvik-tahitian-o6-25-mm-single-barb\/","title":{"rendered":"SANDVIK-Tahitian \u00d86.25 mm \u2013 ardiglione singolo"},"content":{"rendered":"<p>Tipi di acciaio inossidabile SANDVIK MATERIALTECHNOLOGY,<br \/>\nPiuma singola in AISI 316 rinforzata con carbonio.Punta di freccia corta per una migliore resistenza agli urti, trattata termicamente per aumentare la robustezza e la resistenza alla flessione per 20%.Ami lucidi.<\/p>","protected":false},"excerpt":{"rendered":"<p>Nehr\u0111aju\u0107i \u010delik vrsta SANDVIK MATERIALTECHNOLOGY, jednostruko pero AISI 316 poja\u010dano ugljikom.Kratki vrh strelice za bolju otpornost na udarce,toplinski tretirano kako bi se pove\u0107ala \u010dvrsto\u0107a i otpornost na savijanje za 20%.Polirane kukice.<\/p>","protected":false},"featured_media":101566,"template":"","meta":{"_et_pb_use_builder":"","_et_pb_old_content":"","_et_gb_content_width":""},"product_brand":[],"product_cat":[131,83],"product_tag":[],"class_list":{"0":"post-101536","1":"product","2":"type-product","3":"status-publish","4":"has-post-thumbnail","6":"product_cat-akcija","7":"product_cat-strijele","9":"first","10":"onbackorder","11":"shipping-taxable","12":"purchasable","13":"product-type-variable"},"_links":{"self":[{"href":"https:\/\/neocarbone.com\/it\/wp-json\/wp\/v2\/product\/101536","targetHints":{"allow":["GET"]}}],"collection":[{"href":"https:\/\/neocarbone.com\/it\/wp-json\/wp\/v2\/product"}],"about":[{"href":"https:\/\/neocarbone.com\/it\/wp-json\/wp\/v2\/types\/product"}],"wp:featuredmedia":[{"embeddable":true,"href":"https:\/\/neocarbone.com\/it\/wp-json\/wp\/v2\/media\/101566"}],"wp:attachment":[{"href":"https:\/\/neocarbone.com\/it\/wp-json\/wp\/v2\/media?parent=101536"}],"wp:term":[{"taxonomy":"product_brand","embeddable":true,"href":"https:\/\/neocarbone.com\/it\/wp-json\/wp\/v2\/product_brand?post=101536"},{"taxonomy":"product_cat","embeddable":true,"href":"https:\/\/neocarbone.com\/it\/wp-json\/wp\/v2\/product_cat?post=101536"},{"taxonomy":"product_tag","embeddable":true,"href":"https:\/\/neocarbone.com\/it\/wp-json\/wp\/v2\/product_tag?post=101536"}],"curies":[{"name":"wp","href":"https:\/\/api.w.org\/{rel}","templated":true}]}}