{"id":101541,"date":"2023-04-26T14:52:07","date_gmt":"2023-04-26T12:52:07","guid":{"rendered":"https:\/\/neocarbone.com\/?post_type=product&#038;p=101541"},"modified":"2023-05-11T10:13:23","modified_gmt":"2023-05-11T08:13:23","slug":"spare-single-barb-short-long","status":"publish","type":"product","link":"https:\/\/neocarbone.com\/it\/product\/spare-single-barb-short-long\/","title":{"rendered":"SPARE SINGLE BARB SHORT &amp; LONG"},"content":{"rendered":"<p>La confezione contiene una molla e un rivetto in acciaio inox AISI 316 rinforzato con fibra di carbonio.<br \/>\nDisponibile nelle versioni da 6 cm (corta) o 8 cm (lunga) per frecce da \u00d86,25 mm.<\/p>","protected":false},"excerpt":{"rendered":"<p>Pakiranje sadr\u017ei jedno pero i zakovicu AISI 316 oja\u010danu ugljikom. Dostupno u verzijama 6cm (kratko) ili 8cm (dugo) za strelicu \u00d86.25mm.<\/p>","protected":false},"featured_media":101581,"template":"","meta":{"_et_pb_use_builder":"","_et_pb_old_content":"","_et_gb_content_width":""},"product_brand":[],"product_cat":[83],"product_tag":[],"class_list":{"0":"post-101541","1":"product","2":"type-product","3":"status-publish","4":"has-post-thumbnail","6":"product_cat-strijele","8":"first","9":"instock","10":"shipping-taxable","11":"purchasable","12":"product-type-variable"},"_links":{"self":[{"href":"https:\/\/neocarbone.com\/it\/wp-json\/wp\/v2\/product\/101541","targetHints":{"allow":["GET"]}}],"collection":[{"href":"https:\/\/neocarbone.com\/it\/wp-json\/wp\/v2\/product"}],"about":[{"href":"https:\/\/neocarbone.com\/it\/wp-json\/wp\/v2\/types\/product"}],"wp:featuredmedia":[{"embeddable":true,"href":"https:\/\/neocarbone.com\/it\/wp-json\/wp\/v2\/media\/101581"}],"wp:attachment":[{"href":"https:\/\/neocarbone.com\/it\/wp-json\/wp\/v2\/media?parent=101541"}],"wp:term":[{"taxonomy":"product_brand","embeddable":true,"href":"https:\/\/neocarbone.com\/it\/wp-json\/wp\/v2\/product_brand?post=101541"},{"taxonomy":"product_cat","embeddable":true,"href":"https:\/\/neocarbone.com\/it\/wp-json\/wp\/v2\/product_cat?post=101541"},{"taxonomy":"product_tag","embeddable":true,"href":"https:\/\/neocarbone.com\/it\/wp-json\/wp\/v2\/product_tag?post=101541"}],"curies":[{"name":"wp","href":"https:\/\/api.w.org\/{rel}","templated":true}]}}