{"id":101543,"date":"2023-04-26T14:52:07","date_gmt":"2023-04-26T12:52:07","guid":{"rendered":"https:\/\/neocarbone.com\/?post_type=product&#038;p=101543"},"modified":"2023-05-11T10:15:30","modified_gmt":"2023-05-11T08:15:30","slug":"pinlock-seals-5-pcs-pack","status":"publish","type":"product","link":"https:\/\/neocarbone.com\/it\/product\/pinlock-seals-5-pcs-pack\/","title":{"rendered":"Sigilli Pinlock \u2013 Confezione da 5 pz"},"content":{"rendered":"<p>Confezione da 5 portapenne in gomma.<\/p>\n<p>Realizzato in gomma resistente<\/p>","protected":false},"excerpt":{"rendered":"<p>Pakiranje od 5 komada gumenih dr\u017ea\u010da pera. Izra\u0111eni od izdr\u017eljive gume<\/p>","protected":false},"featured_media":101583,"template":"","meta":{"_et_pb_use_builder":"","_et_pb_old_content":"","_et_gb_content_width":""},"product_brand":[],"product_cat":[83],"product_tag":[],"class_list":{"0":"post-101543","1":"product","2":"type-product","3":"status-publish","4":"has-post-thumbnail","6":"product_cat-strijele","8":"first","9":"instock","10":"shipping-taxable","11":"purchasable","12":"product-type-simple"},"_links":{"self":[{"href":"https:\/\/neocarbone.com\/it\/wp-json\/wp\/v2\/product\/101543","targetHints":{"allow":["GET"]}}],"collection":[{"href":"https:\/\/neocarbone.com\/it\/wp-json\/wp\/v2\/product"}],"about":[{"href":"https:\/\/neocarbone.com\/it\/wp-json\/wp\/v2\/types\/product"}],"wp:featuredmedia":[{"embeddable":true,"href":"https:\/\/neocarbone.com\/it\/wp-json\/wp\/v2\/media\/101583"}],"wp:attachment":[{"href":"https:\/\/neocarbone.com\/it\/wp-json\/wp\/v2\/media?parent=101543"}],"wp:term":[{"taxonomy":"product_brand","embeddable":true,"href":"https:\/\/neocarbone.com\/it\/wp-json\/wp\/v2\/product_brand?post=101543"},{"taxonomy":"product_cat","embeddable":true,"href":"https:\/\/neocarbone.com\/it\/wp-json\/wp\/v2\/product_cat?post=101543"},{"taxonomy":"product_tag","embeddable":true,"href":"https:\/\/neocarbone.com\/it\/wp-json\/wp\/v2\/product_tag?post=101543"}],"curies":[{"name":"wp","href":"https:\/\/api.w.org\/{rel}","templated":true}]}}