{"id":101661,"date":"2023-04-26T14:59:18","date_gmt":"2023-04-26T12:59:18","guid":{"rendered":"https:\/\/neocarbone.com\/?post_type=product&#038;p=101661"},"modified":"2025-07-25T11:16:45","modified_gmt":"2025-07-25T09:16:45","slug":"epsealon-seaquest-motion","status":"publish","type":"product","link":"https:\/\/neocarbone.com\/it\/product\/epsealon-seaquest-motion\/","title":{"rendered":"Epsealon - Movimento Seaquest"},"content":{"rendered":"<p>Maschera multiuso, volume medio. Morbido e confortevole<br \/>\nbordo in silicone anallergico. Telaio in policarbonato nero con supporto per telecamera Gopro\u00ae. Fibbie a regolazione rapida, possono essere regolate anche con guanti spessi.Disponibile nella versione con cinghie spesse.<\/p>","protected":false},"excerpt":{"rendered":"<p>Vi\u0161enamjenska maska, srednjeg volumena. Mekan i ugodan hipoalergijski rub od silikona. Crni polikarbonskiokvir s podr\u0161kom za kameru tipa Gopro\u00ae. Kop\u010de zabrzo pode\u0161avanje, mo\u017ee se pode\u0161avati u debelim rukavicama.Dostupno u verziji sa debelim remenima.<\/p>","protected":false},"featured_media":101690,"template":"","meta":{"_et_pb_use_builder":"","_et_pb_old_content":"","_et_gb_content_width":""},"product_brand":[],"product_cat":[131,88],"product_tag":[],"class_list":{"0":"post-101661","1":"product","2":"type-product","3":"status-publish","4":"has-post-thumbnail","6":"product_cat-akcija","7":"product_cat-maske","9":"first","10":"instock","11":"shipping-taxable","12":"purchasable","13":"product-type-simple"},"_links":{"self":[{"href":"https:\/\/neocarbone.com\/it\/wp-json\/wp\/v2\/product\/101661","targetHints":{"allow":["GET"]}}],"collection":[{"href":"https:\/\/neocarbone.com\/it\/wp-json\/wp\/v2\/product"}],"about":[{"href":"https:\/\/neocarbone.com\/it\/wp-json\/wp\/v2\/types\/product"}],"wp:featuredmedia":[{"embeddable":true,"href":"https:\/\/neocarbone.com\/it\/wp-json\/wp\/v2\/media\/101690"}],"wp:attachment":[{"href":"https:\/\/neocarbone.com\/it\/wp-json\/wp\/v2\/media?parent=101661"}],"wp:term":[{"taxonomy":"product_brand","embeddable":true,"href":"https:\/\/neocarbone.com\/it\/wp-json\/wp\/v2\/product_brand?post=101661"},{"taxonomy":"product_cat","embeddable":true,"href":"https:\/\/neocarbone.com\/it\/wp-json\/wp\/v2\/product_cat?post=101661"},{"taxonomy":"product_tag","embeddable":true,"href":"https:\/\/neocarbone.com\/it\/wp-json\/wp\/v2\/product_tag?post=101661"}],"curies":[{"name":"wp","href":"https:\/\/api.w.org\/{rel}","templated":true}]}}