{"id":101729,"date":"2023-04-26T15:02:33","date_gmt":"2023-04-26T13:02:33","guid":{"rendered":"https:\/\/neocarbone.com\/?post_type=product&#038;p=101729"},"modified":"2025-11-10T04:47:39","modified_gmt":"2025-11-10T02:47:39","slug":"exium-compact-50m","status":"publish","type":"product","link":"https:\/\/neocarbone.com\/it\/product\/exium-compact-50m\/","title":{"rendered":"Exium compatto 50m"},"content":{"rendered":"<p>Bobina ultra compatta, disponibile in 2 versioni, capacit\u00e0 50 o 100 metri, per spessore fune 1,5mm<br \/>\n- bobina in alluminio anodizzato - tamburo e guida in acciaio inox - manico ripiegabile per riduzione di volume<\/p>","protected":false},"excerpt":{"rendered":"<p>Ultra kompaktni mulinel, dostupan u 2 verzije, kapaciteta 50 ili 100 metara, za debljine konopa 1,5mm &#8211; anodizirani aluminijski kalem- bubanj i vodilica od nehr\u0111aju\u0107eg \u010delika- sklopiva ru\u010dica zbog smanjenja obujma<\/p>","protected":false},"featured_media":101752,"template":"","meta":{"_et_pb_use_builder":"","_et_pb_old_content":"","_et_gb_content_width":""},"product_brand":[],"product_cat":[131,85],"product_tag":[],"class_list":{"0":"post-101729","1":"product","2":"type-product","3":"status-publish","4":"has-post-thumbnail","6":"product_cat-akcija","7":"product_cat-mulineli-reels","9":"first","10":"instock","11":"sale","12":"shipping-taxable","13":"purchasable","14":"product-type-simple"},"_links":{"self":[{"href":"https:\/\/neocarbone.com\/it\/wp-json\/wp\/v2\/product\/101729","targetHints":{"allow":["GET"]}}],"collection":[{"href":"https:\/\/neocarbone.com\/it\/wp-json\/wp\/v2\/product"}],"about":[{"href":"https:\/\/neocarbone.com\/it\/wp-json\/wp\/v2\/types\/product"}],"wp:featuredmedia":[{"embeddable":true,"href":"https:\/\/neocarbone.com\/it\/wp-json\/wp\/v2\/media\/101752"}],"wp:attachment":[{"href":"https:\/\/neocarbone.com\/it\/wp-json\/wp\/v2\/media?parent=101729"}],"wp:term":[{"taxonomy":"product_brand","embeddable":true,"href":"https:\/\/neocarbone.com\/it\/wp-json\/wp\/v2\/product_brand?post=101729"},{"taxonomy":"product_cat","embeddable":true,"href":"https:\/\/neocarbone.com\/it\/wp-json\/wp\/v2\/product_cat?post=101729"},{"taxonomy":"product_tag","embeddable":true,"href":"https:\/\/neocarbone.com\/it\/wp-json\/wp\/v2\/product_tag?post=101729"}],"curies":[{"name":"wp","href":"https:\/\/api.w.org\/{rel}","templated":true}]}}