{"id":101731,"date":"2023-04-26T15:02:34","date_gmt":"2023-04-26T13:02:34","guid":{"rendered":"https:\/\/neocarbone.com\/?post_type=product&#038;p=101731"},"modified":"2026-01-01T06:22:55","modified_gmt":"2026-01-01T04:22:55","slug":"mustang-red-30m","status":"publish","type":"product","link":"https:\/\/neocarbone.com\/it\/product\/mustang-red-30m\/","title":{"rendered":"Rosso Mustang 30m"},"content":{"rendered":"<p>Bobina orizzontale molto leggera in termoplastica, capacit\u00e0 30 metri.<br \/>\nGuida in acciaio inossidabile Leva del freno rossa per un facile utilizzo e con i guanti Viene fornito in una confezione con un kit di montaggio.<\/p>","protected":false},"excerpt":{"rendered":"<p>Veoma lagani horizontalni mulinel od termoplastike, kapaciteta 30 metara. Vodilica od nehr\u0111aju\u0107eg \u010delikaCrvena poluga ko\u010dnice za lagano kori\u0161tenje i sa rukavicamaDolazi u paketu sa setom za monta\u017eu.<\/p>","protected":false},"featured_media":101754,"template":"","meta":{"_et_pb_use_builder":"","_et_pb_old_content":"","_et_gb_content_width":""},"product_brand":[],"product_cat":[131,85],"product_tag":[],"class_list":{"0":"post-101731","1":"product","2":"type-product","3":"status-publish","4":"has-post-thumbnail","6":"product_cat-akcija","7":"product_cat-mulineli-reels","9":"first","10":"instock","11":"shipping-taxable","12":"purchasable","13":"product-type-simple"},"_links":{"self":[{"href":"https:\/\/neocarbone.com\/it\/wp-json\/wp\/v2\/product\/101731","targetHints":{"allow":["GET"]}}],"collection":[{"href":"https:\/\/neocarbone.com\/it\/wp-json\/wp\/v2\/product"}],"about":[{"href":"https:\/\/neocarbone.com\/it\/wp-json\/wp\/v2\/types\/product"}],"wp:featuredmedia":[{"embeddable":true,"href":"https:\/\/neocarbone.com\/it\/wp-json\/wp\/v2\/media\/101754"}],"wp:attachment":[{"href":"https:\/\/neocarbone.com\/it\/wp-json\/wp\/v2\/media?parent=101731"}],"wp:term":[{"taxonomy":"product_brand","embeddable":true,"href":"https:\/\/neocarbone.com\/it\/wp-json\/wp\/v2\/product_brand?post=101731"},{"taxonomy":"product_cat","embeddable":true,"href":"https:\/\/neocarbone.com\/it\/wp-json\/wp\/v2\/product_cat?post=101731"},{"taxonomy":"product_tag","embeddable":true,"href":"https:\/\/neocarbone.com\/it\/wp-json\/wp\/v2\/product_tag?post=101731"}],"curies":[{"name":"wp","href":"https:\/\/api.w.org\/{rel}","templated":true}]}}