{"id":101750,"date":"2023-04-26T15:02:35","date_gmt":"2023-04-26T13:02:35","guid":{"rendered":"https:\/\/neocarbone.com\/?post_type=product&#038;p=101750"},"modified":"2026-01-01T06:22:55","modified_gmt":"2026-01-01T04:22:55","slug":"echo-plastic-reel-o50","status":"publish","type":"product","link":"https:\/\/neocarbone.com\/it\/product\/echo-plastic-reel-o50\/","title":{"rendered":"Echo bobina in plastica \u00d850"},"content":{"rendered":"<p>Mulinel \u00e8 disponibile in due versioni, con portata di 30 o 50 metri per corde con spessore 1,5 mm.<br \/>\nGuida di scorrimento in acciaio inox. Leva freno rossa, facile da usare anche con i guanti. Viene fornita in confezione con set di montaggio.<\/p>","protected":false},"excerpt":{"rendered":"<p>Mulinel je dostupan u dvije verzije, kapaciteta 30 ili 50 metara za konope debljine 1.5mm. Klizna vodilica od nehr\u0111aju\u0107eg \u010delika. Crvena poluga ko\u010dnice, jednostavno kori\u0161tenje i sa rukavicama.Dolazi u paketu sa setom za monta\u017eu.<\/p>","protected":false},"featured_media":101769,"template":"","meta":{"_et_pb_use_builder":"","_et_pb_old_content":"","_et_gb_content_width":""},"product_brand":[],"product_cat":[85],"product_tag":[],"class_list":{"0":"post-101750","1":"product","2":"type-product","3":"status-publish","4":"has-post-thumbnail","6":"product_cat-mulineli-reels","8":"first","9":"instock","10":"shipping-taxable","11":"purchasable","12":"product-type-simple"},"_links":{"self":[{"href":"https:\/\/neocarbone.com\/it\/wp-json\/wp\/v2\/product\/101750","targetHints":{"allow":["GET"]}}],"collection":[{"href":"https:\/\/neocarbone.com\/it\/wp-json\/wp\/v2\/product"}],"about":[{"href":"https:\/\/neocarbone.com\/it\/wp-json\/wp\/v2\/types\/product"}],"wp:featuredmedia":[{"embeddable":true,"href":"https:\/\/neocarbone.com\/it\/wp-json\/wp\/v2\/media\/101769"}],"wp:attachment":[{"href":"https:\/\/neocarbone.com\/it\/wp-json\/wp\/v2\/media?parent=101750"}],"wp:term":[{"taxonomy":"product_brand","embeddable":true,"href":"https:\/\/neocarbone.com\/it\/wp-json\/wp\/v2\/product_brand?post=101750"},{"taxonomy":"product_cat","embeddable":true,"href":"https:\/\/neocarbone.com\/it\/wp-json\/wp\/v2\/product_cat?post=101750"},{"taxonomy":"product_tag","embeddable":true,"href":"https:\/\/neocarbone.com\/it\/wp-json\/wp\/v2\/product_tag?post=101750"}],"curies":[{"name":"wp","href":"https:\/\/api.w.org\/{rel}","templated":true}]}}