{"id":101798,"date":"2023-04-26T15:08:10","date_gmt":"2023-04-26T13:08:10","guid":{"rendered":"https:\/\/neocarbone.com\/?post_type=product&#038;p=101798"},"modified":"2025-01-31T00:02:01","modified_gmt":"2025-01-30T22:02:01","slug":"silex-titanium-green","status":"publish","type":"product","link":"https:\/\/neocarbone.com\/it\/product\/silex-titanium-green\/","title":{"rendered":"SILEX Verde titanio"},"content":{"rendered":"<p>Lama removibile Silex disponibile in lunghezza 14 cm rivestita in titanio nero;<\/p>\n<p>La composizione in acciaio inossidabile 55HRC \u00e8 stata scelta da Epsealon per la sua eccellente qualit\u00e0 del materiale;<\/p>\n<p>Logo Epsealon inciso al laser da un lato, Silex dall&#039;altro;<\/p>\n<p>Un lato della lama \u00e8 per il taglio, l&#039;altro seghettato;<\/p>\n<p>lama disponibile in versione inox o titanio nero;<\/p>\n<p>manico ergonomico &quot;Epsealon&quot; a doppio strato con SEBS stampato; fornito con due carrucole e custodia flessibile con doppia sicurezza per trattenere il coltello;<\/p>\n<p>disponibile nei colori: nero \/ verde \/ giallo \/ arancio e grigio.<\/p>","protected":false},"excerpt":{"rendered":"<p>Silex uklonjiva o\u0161trica dostupna u duljini 14 cm prekrivena crnim titanijem; Kompoziciju od nehr\u0111aju\u0107eg \u010delika 55HRC odabrao je Epsealon zbog izvrsne kvalitete materijala; Epsealon logotip laserski ugraviran s jedne strane, Silex s druge strane; Jedna strana o\u0161trice je za rezanje, druga zup\u010dasta; o\u0161trica dostupna u verziji od nehr\u0111aju\u0107eg \u010delika ili crnim titanijem; ergonomska ru\u010dka dvoslojna [&hellip;]<\/p>\n","protected":false},"featured_media":101812,"template":"","meta":{"_et_pb_use_builder":"","_et_pb_old_content":"","_et_gb_content_width":""},"product_brand":[],"product_cat":[131,87],"product_tag":[],"class_list":{"0":"post-101798","1":"product","2":"type-product","3":"status-publish","4":"has-post-thumbnail","6":"product_cat-akcija","7":"product_cat-nozevi","9":"first","10":"instock","11":"shipping-taxable","12":"purchasable","13":"product-type-simple"},"_links":{"self":[{"href":"https:\/\/neocarbone.com\/it\/wp-json\/wp\/v2\/product\/101798","targetHints":{"allow":["GET"]}}],"collection":[{"href":"https:\/\/neocarbone.com\/it\/wp-json\/wp\/v2\/product"}],"about":[{"href":"https:\/\/neocarbone.com\/it\/wp-json\/wp\/v2\/types\/product"}],"wp:featuredmedia":[{"embeddable":true,"href":"https:\/\/neocarbone.com\/it\/wp-json\/wp\/v2\/media\/101812"}],"wp:attachment":[{"href":"https:\/\/neocarbone.com\/it\/wp-json\/wp\/v2\/media?parent=101798"}],"wp:term":[{"taxonomy":"product_brand","embeddable":true,"href":"https:\/\/neocarbone.com\/it\/wp-json\/wp\/v2\/product_brand?post=101798"},{"taxonomy":"product_cat","embeddable":true,"href":"https:\/\/neocarbone.com\/it\/wp-json\/wp\/v2\/product_cat?post=101798"},{"taxonomy":"product_tag","embeddable":true,"href":"https:\/\/neocarbone.com\/it\/wp-json\/wp\/v2\/product_tag?post=101798"}],"curies":[{"name":"wp","href":"https:\/\/api.w.org\/{rel}","templated":true}]}}