{"id":101944,"date":"2023-04-26T15:15:19","date_gmt":"2023-04-26T13:15:19","guid":{"rendered":"https:\/\/neocarbone.com\/?post_type=product&#038;p=101944"},"modified":"2023-04-26T15:15:37","modified_gmt":"2023-04-26T13:15:37","slug":"blue-water-high-pressure-float-bw15l","status":"publish","type":"product","link":"https:\/\/neocarbone.com\/it\/product\/blue-water-high-pressure-float-bw15l\/","title":{"rendered":"Galleggiante ad alta pressione Blue Water BW15L"},"content":{"rendered":"<p>Una boa ad alta pressione appositamente progettata per la pesca di tipi di pesce eccezionali. Realizzato in materiale PVC ultra resistente 0,9 mm.<br \/>\nDotato di 2 robusti anelli in acciaio inox e grandi manici gommati. La valvola di gonfiaggio professionale pu\u00f2 sopportare una pressione di gonfiaggio di 1,5 bar e rimarr\u00e0 galleggiante a una profondit\u00e0 di quasi 2 atmosfere. Il design idrodinamico consente una trazione molto semplice. Disponibile nelle versioni da 15 litri (33 cm) e 30 litri (48 cm).<\/p>","protected":false},"excerpt":{"rendered":"<p>Visokotla\u010dna bova posebno dizajnirana za ribolov izuzetnih vrsta riba. Napravljena od ultra otpornog PVC materijala 0.9 mm. Opremljena sa 2 robusna prstena od nehr\u0111aju\u0107eg \u010delika i velike gumirane ru\u010dke. Profesionalni ventil za napuhivanje mo\u017ee izdr\u017eati 1.5 bara pritiska za napuhivanje.Ostati \u0107e jednake plovnosti na dubini od gotovo 2 atmosfere. Hidrodinami\u010dki dizajn omogu\u0107uje vrlo jednostavno povla\u010denje. [&hellip;]<\/p>\n","protected":false},"featured_media":101965,"template":"","meta":{"_et_pb_use_builder":"","_et_pb_old_content":"","_et_gb_content_width":""},"product_brand":[],"product_cat":[82],"product_tag":[],"class_list":{"0":"post-101944","1":"product","2":"type-product","3":"status-publish","4":"has-post-thumbnail","6":"product_cat-plutace-i-pribor","8":"first","9":"onbackorder","10":"shipping-taxable","11":"purchasable","12":"product-type-simple"},"_links":{"self":[{"href":"https:\/\/neocarbone.com\/it\/wp-json\/wp\/v2\/product\/101944","targetHints":{"allow":["GET"]}}],"collection":[{"href":"https:\/\/neocarbone.com\/it\/wp-json\/wp\/v2\/product"}],"about":[{"href":"https:\/\/neocarbone.com\/it\/wp-json\/wp\/v2\/types\/product"}],"wp:featuredmedia":[{"embeddable":true,"href":"https:\/\/neocarbone.com\/it\/wp-json\/wp\/v2\/media\/101965"}],"wp:attachment":[{"href":"https:\/\/neocarbone.com\/it\/wp-json\/wp\/v2\/media?parent=101944"}],"wp:term":[{"taxonomy":"product_brand","embeddable":true,"href":"https:\/\/neocarbone.com\/it\/wp-json\/wp\/v2\/product_brand?post=101944"},{"taxonomy":"product_cat","embeddable":true,"href":"https:\/\/neocarbone.com\/it\/wp-json\/wp\/v2\/product_cat?post=101944"},{"taxonomy":"product_tag","embeddable":true,"href":"https:\/\/neocarbone.com\/it\/wp-json\/wp\/v2\/product_tag?post=101944"}],"curies":[{"name":"wp","href":"https:\/\/api.w.org\/{rel}","templated":true}]}}