{"id":224186,"date":"2023-05-11T09:29:06","date_gmt":"2023-05-11T07:29:06","guid":{"rendered":"https:\/\/neocarbone.com\/?post_type=product&#038;p=224186"},"modified":"2023-07-04T18:58:47","modified_gmt":"2023-07-04T16:58:47","slug":"podvodna-puska-classic-110cm","status":"publish","type":"product","link":"https:\/\/neocarbone.com\/it\/product\/podvodna-puska-classic-110cm\/","title":{"rendered":"Fucile subacqueo Classic 110cm"},"content":{"rendered":"<p><strong>NC110C \u2013 Fucile subacqueo in legno Classic<\/strong><\/p>\n<p>Corpo e maniglia realizzati a mano in laminato selezionato iroko-mogano, raccordo e protezione realizzati con resine epossidiche e poliuretaniche UV<\/p>\n<p>Rinforzo laterale in carbonio e guida integrale in carbonio<\/p>\n<p>Manico universale<br \/>\nMeccanismo Ermes Double Roll e tutte le parti metalliche in acciaio inox 316L<br \/>\nFreccette sandvik da 7 mm x 140 cm con 4 ganci<\/p>\n<p>Primeline setup gomma circolare 2x16mm \u2013 Ogiva full dyneema<br \/>\nTampone in gomma antiscivolo e ammortizzante sul tallone del fucile per facilitare l&#039;armamento<\/p>\n<p>Colore mimetico<br \/>\nUno slot per l&#039;aggiunta di pesi per regolare la bilancia secondo il gusto dell&#039;utente, la configurazione iniziale \u00e8 neutra<br \/>\nIl fucile \u00e8 dotato di un mulinello Ermes Falco 77 con un filo in poliestere da 1,5 mm arrotolato, piombo in nylon da 1,6 mm e tutta l&#039;altra attrezzatura, pronta per la caccia.<\/p>\n<p>Tutti i nostri fucili sono testati sul bersaglio (3x test di precisione a 4 m, 2x test di portata massima, 1x test di resistenza) e bilanciati prima della vendita<\/p>\n<p>Dimensioni NC100C senza freccia: 125 cm - con freccia 140 cm<\/p>\n<hr \/>\n<p>&nbsp;<\/p>","protected":false},"excerpt":{"rendered":"<p>NC110C \u2013 Drvena podvodna pu\u0161ka Classic Ru\u010dno izra\u0111eni\u00a0tijelo i ru\u010dka od biranog laminata iroko-mahagonij, spajanje i za\u0161tita izvedena je epoxy i poliuretanskim UV smolama Bocno poja\u010danje s karbonom i integralna vodilica od karbona Univerzalna ru\u010dka Mehanizam Ermes Double Roll i svi metalni dijelovi izra\u0111eni od 316L nehr\u0111aju\u010deg \u010delika 7mm x 140 cm sandvik strelice sa [&hellip;]<\/p>\n","protected":false},"featured_media":224191,"template":"","meta":{"_et_pb_use_builder":"","_et_pb_old_content":"","_et_gb_content_width":""},"product_brand":[],"product_cat":[79,122,76,80],"product_tag":[],"class_list":{"0":"post-224186","1":"product","2":"type-product","3":"status-publish","4":"has-post-thumbnail","6":"product_cat-nc-podvodne-puske","7":"product_cat-novi-model-nc-puske","8":"product_cat-podvodne-puske","9":"product_cat-podvodne-puske-drvene","11":"first","12":"onbackorder","13":"shipping-taxable","14":"product-type-simple"},"_links":{"self":[{"href":"https:\/\/neocarbone.com\/it\/wp-json\/wp\/v2\/product\/224186","targetHints":{"allow":["GET"]}}],"collection":[{"href":"https:\/\/neocarbone.com\/it\/wp-json\/wp\/v2\/product"}],"about":[{"href":"https:\/\/neocarbone.com\/it\/wp-json\/wp\/v2\/types\/product"}],"wp:featuredmedia":[{"embeddable":true,"href":"https:\/\/neocarbone.com\/it\/wp-json\/wp\/v2\/media\/224191"}],"wp:attachment":[{"href":"https:\/\/neocarbone.com\/it\/wp-json\/wp\/v2\/media?parent=224186"}],"wp:term":[{"taxonomy":"product_brand","embeddable":true,"href":"https:\/\/neocarbone.com\/it\/wp-json\/wp\/v2\/product_brand?post=224186"},{"taxonomy":"product_cat","embeddable":true,"href":"https:\/\/neocarbone.com\/it\/wp-json\/wp\/v2\/product_cat?post=224186"},{"taxonomy":"product_tag","embeddable":true,"href":"https:\/\/neocarbone.com\/it\/wp-json\/wp\/v2\/product_tag?post=224186"}],"curies":[{"name":"wp","href":"https:\/\/api.w.org\/{rel}","templated":true}]}}