{"id":224455,"date":"2023-08-28T16:03:36","date_gmt":"2023-08-28T14:03:36","guid":{"rendered":"https:\/\/neocarbone.com\/?post_type=product&#038;p=224455"},"modified":"2025-07-25T12:12:52","modified_gmt":"2025-07-25T10:12:52","slug":"racunalo-king-cressi","status":"publish","type":"product","link":"https:\/\/neocarbone.com\/it\/product\/racunalo-king-cressi\/","title":{"rendered":"Computer \u2013 RE \u2013 Cressi"},"content":{"rendered":"<p>Con il suo aspetto compatto (48 mm di diametro) e il display ad alto contrasto (35 mm di diametro), King \u00e8 una scelta fantastica per ogni appassionato di apnea e pesca subacquea. Caratteristiche: \u2013 dimensioni ridotte (diametro orologio 48 mm) \u2013 display di dimensioni significative rispetto all&#039;orologio stesso (35 mm di diametro) e ad alto contrasto \u2013 vetro minerale + lunetta in metallo \u2013 impermeabile fino a 120 m di profondit\u00e0 \u2013 batteria ad alta capacit\u00e0 \u2013 software moderno con funzioni di monitoraggio della decompressione che prevengono l&#039;insorgenza di taravana ed edema. \u2013 nuovo cinturino, una combinazione di silicone e poliammide con elementi in acciaio inossidabile. L&#039;orologio viene consegnato in una pratica scatola protettiva, con protezione in silicone per lo schermo. <strong>\u00a0<\/strong>PROGRAMMA (AUTOABBRONZATURA) \u2013 Algoritmo per la riduzione del rischio di annegamento con 8 livelli \u2013 Riduzione del rischio di edema polmonare con un algoritmo di calcolo dell&#039;immersione \u2013 Profondit\u00e0 attuale \u2013 Temperatura \u2013 Profondit\u00e0 massima \u2013 Tempo di immersione \u2013 Visualizzazione intervallo di superficie \u2013 Indicatore velocit\u00e0 massima di immersione e risalita \u2013 Allarmi di profondit\u00e0, tempo di immersione e intervallo di superficie \u2013 Allarme idratazione \u2013 Allarme impostabile per una specifica fase di immersione \u2013 Impostazioni acqua dolce\/salata (anche nota come acqua di mare) \u2013 Possibilit\u00e0 di blocco durante il nuoto <strong>DIARIO DI BORDO<\/strong> \u2013 Intervallo di campionamento dei dati variabile \u2013 Disponibile durante l&#039;immersione \u2013 Visualizza i dettagli di ogni immersione <strong>Interfacce per la connessione a un computer<\/strong><\/p>","protected":false},"excerpt":{"rendered":"<p>Per la pesca subacquea e l&#039;apnea:<\/p>\n<ul>\n<li>Computer,<\/li>\n<li>Un orologio,<\/li>\n<\/ul>","protected":false},"featured_media":224467,"template":"","meta":{"_et_pb_use_builder":"off","_et_pb_old_content":"Sa svojim kompaktnim izgledom (48 mm promjera) i ekranom velikog kontrasta (35 mm promjera) King je fantasti\u010dan odabir za svakog ronioca na dah i podvodnog ribolovca.\r\n\r\nKarakteristike:\r\n\r\n- male dimenzije (promjer sata 48 mm)\r\n\r\n- ekran zna\u010dajnih dimenzija, u odnosu na sam sat (35 mm promjera) i velikog kontrasta\r\n\r\n- mineralno staklo + metalni bezel\r\n\r\n- vodonepropusan do 120 m dubine\r\n\r\n- baterija velikog kapaciteta\r\n\r\n- moderan softver sa funkcijama pra\u0107enja dekompresije koji sprije\u010dava nastanak taravane i edema.\r\n\r\n- novi remen, kombinacija silikona i poliamida sa inox elementima\r\n\r\nSat se isporu\u010duje u prakti\u010dnoj za\u0161titnoj kutiji, sa silikonskom za\u0161titom ekrana.\r\n\r\n<strong>\u00a0<\/strong>(FREEDIVING) PROGRAM\r\n\r\n- Algoritam za smanjenje rizira od taravane s 8 razina\r\n\r\n- Smanjenje rizika od plu\u010dnog edema algoritmom za ra\u010dunanje zarona\r\n\r\n- Trenutna dubina\r\n\r\n- Temperatura\r\n\r\n- maksimalna dubina\r\n\r\n- Vrijeme ronjenja\r\n\r\n- Prikaz povr\u0161inskog intervala\r\n\r\n- Indikator maksimalne brzine urona i izrona\r\n\r\n- Alarm za dubinu, vrijeme zarona i povr\u0161inskog intervalaalarms\r\n\r\n- Alarm za hidrataciju\r\n\r\n- Alarm koji se mo\u017ee podesti za odre\u0111enu fazu zarona\r\n\r\n- Postavke za slatku\/slanu vodu (znano i kao more)\r\n\r\n- Mogu\u0107nost zaklju\u010davanja tjekom plivanja\r\n\r\n<strong>LOGBOOK<\/strong>\r\n\r\n- Variabilna interval uzorkovanja podataka\r\n\r\n- Dostupan tijekom urona\r\n\r\n- Prikaz detalja svakog zarona\r\n\r\n<strong>Su\u010delja za spajanje na ra\u010dunalo<\/strong>","_et_gb_content_width":""},"product_brand":[],"product_cat":[15,52],"product_tag":[],"class_list":{"0":"post-224455","1":"product","2":"type-product","3":"status-publish","4":"has-post-thumbnail","6":"product_cat-uncategorized","7":"product_cat-ronjenje-na-dah-free-diving","9":"first","10":"instock","11":"shipping-taxable","12":"purchasable","13":"product-type-variable"},"_links":{"self":[{"href":"https:\/\/neocarbone.com\/it\/wp-json\/wp\/v2\/product\/224455","targetHints":{"allow":["GET"]}}],"collection":[{"href":"https:\/\/neocarbone.com\/it\/wp-json\/wp\/v2\/product"}],"about":[{"href":"https:\/\/neocarbone.com\/it\/wp-json\/wp\/v2\/types\/product"}],"wp:featuredmedia":[{"embeddable":true,"href":"https:\/\/neocarbone.com\/it\/wp-json\/wp\/v2\/media\/224467"}],"wp:attachment":[{"href":"https:\/\/neocarbone.com\/it\/wp-json\/wp\/v2\/media?parent=224455"}],"wp:term":[{"taxonomy":"product_brand","embeddable":true,"href":"https:\/\/neocarbone.com\/it\/wp-json\/wp\/v2\/product_brand?post=224455"},{"taxonomy":"product_cat","embeddable":true,"href":"https:\/\/neocarbone.com\/it\/wp-json\/wp\/v2\/product_cat?post=224455"},{"taxonomy":"product_tag","embeddable":true,"href":"https:\/\/neocarbone.com\/it\/wp-json\/wp\/v2\/product_tag?post=224455"}],"curies":[{"name":"wp","href":"https:\/\/api.w.org\/{rel}","templated":true}]}}