{"id":225254,"date":"2025-03-13T17:31:34","date_gmt":"2025-03-13T15:31:34","guid":{"rendered":"https:\/\/neocarbone.com\/?post_type=product&#038;p=225254"},"modified":"2025-03-13T18:39:55","modified_gmt":"2025-03-13T16:39:55","slug":"carape-3-mm-tactical-ghost","status":"publish","type":"product","link":"https:\/\/neocarbone.com\/it\/product\/carape-3-mm-tactical-ghost\/","title":{"rendered":"Calzini 3 mm \u2013 TACTICAL GHOST"},"content":{"rendered":"<p>Calzini per la pesca subacquea:<\/p>\n<p>Neoprene mimetico Spandex mimetico all&#039;esterno e jersey ultra elastico all&#039;interno con suola interna antiscivolo all&#039;interno.<\/p>\n<p>All&#039;esterno, fodera PowerKev con sagoma preformata destra\/sinistra ed effetto 3D a nido d&#039;ape con spalmatura in PU su tallone e punta per un migliore mantenimento della parte interna.<\/p>","protected":false},"excerpt":{"rendered":"<p>\u010carape za podvodni ribolov: Izvana kamufla\u017eni neopren Spandex camo, a iznutra ultra rastezljivi jersey s unutarnjim neklizaju\u0107im potplatom iznutra. S vanjske strane PowerKev podstava s preformiranim oblikom lijevo\/desno i sa\u0107asti 3D efekt s PU premazom na peti i nozi za bolje odr\u017eavanje unutarnjeg dijela.<\/p>","protected":false},"featured_media":225272,"template":"","meta":{"_et_pb_use_builder":"","_et_pb_old_content":"","_et_gb_content_width":""},"product_brand":[],"product_cat":[131,93,54,91],"product_tag":[],"class_list":{"0":"post-225254","1":"product","2":"type-product","3":"status-publish","4":"has-post-thumbnail","6":"product_cat-akcija","7":"product_cat-carape","8":"product_cat-novi-proizvodi","9":"product_cat-rukavice-i-carape","11":"first","12":"instock","13":"shipping-taxable","14":"purchasable","15":"product-type-variable"},"_links":{"self":[{"href":"https:\/\/neocarbone.com\/it\/wp-json\/wp\/v2\/product\/225254","targetHints":{"allow":["GET"]}}],"collection":[{"href":"https:\/\/neocarbone.com\/it\/wp-json\/wp\/v2\/product"}],"about":[{"href":"https:\/\/neocarbone.com\/it\/wp-json\/wp\/v2\/types\/product"}],"wp:featuredmedia":[{"embeddable":true,"href":"https:\/\/neocarbone.com\/it\/wp-json\/wp\/v2\/media\/225272"}],"wp:attachment":[{"href":"https:\/\/neocarbone.com\/it\/wp-json\/wp\/v2\/media?parent=225254"}],"wp:term":[{"taxonomy":"product_brand","embeddable":true,"href":"https:\/\/neocarbone.com\/it\/wp-json\/wp\/v2\/product_brand?post=225254"},{"taxonomy":"product_cat","embeddable":true,"href":"https:\/\/neocarbone.com\/it\/wp-json\/wp\/v2\/product_cat?post=225254"},{"taxonomy":"product_tag","embeddable":true,"href":"https:\/\/neocarbone.com\/it\/wp-json\/wp\/v2\/product_tag?post=225254"}],"curies":[{"name":"wp","href":"https:\/\/api.w.org\/{rel}","templated":true}]}}