{"id":225256,"date":"2025-03-13T17:31:39","date_gmt":"2025-03-13T15:31:39","guid":{"rendered":"https:\/\/neocarbone.com\/?post_type=product&#038;p=225256"},"modified":"2025-03-13T18:55:49","modified_gmt":"2025-03-13T16:55:49","slug":"rukavice-3mm-tactical-ghost","status":"publish","type":"product","link":"https:\/\/neocarbone.com\/it\/product\/rukavice-3mm-tactical-ghost\/","title":{"rendered":"Guanti 3mm \u2013 TACTICAL GHOST"},"content":{"rendered":"<p>Guanti da pesca subacquea.<\/p>\n<p>Neoprene spandex di poliestere mimetico all&#039;esterno e jersey ultra elastico all&#039;interno.<\/p>\n<p>All&#039;esterno del palmo, materiale PowerKev ad alta resistenza a tagli e graffi.<\/p>\n<p>Guanto per l&#039;indice con materiale in spandex all&#039;esterno, effetto nido d&#039;ape 3D e rivestimento in PU per una maggiore sensibilit\u00e0 tattile.<\/p>","protected":false},"excerpt":{"rendered":"<p>Rukavice za podvodni ribolov. Polyester Spandex neopren kamufla\u017eni s vanjske strane, a s unutarnje strane ultras rastezljivi jersey. S vanjske strane dlana PowerKev materijal visoke otpornosti na posjekotine i ogrebotine. Ka\u017eiprst rukavica sa spandex materijalom izvana i s 3D efektom sa\u0107a i PU premazom za ve\u0107u osjetljivost na dodir.<\/p>","protected":false},"featured_media":225270,"template":"","meta":{"_et_pb_use_builder":"off","_et_pb_old_content":"Rukavice za podvodni ribolov.\r\n\r\nPolyester Spandex neopren kamufla\u017eni s vanjske strane, a s unutarnje strane ultras rastezljivi jersey..\r\n\r\nS vanjske strane dlana PowerKev materijal visoke otpornosti na posjekotine i ogrebotine.\r\n\r\nKa\u017eiprst rukavica \"Sniper\" je sa spandex materijalom izvana i s 3D efektom sa\u0107a i PU premazom za ve\u0107u osjetljivost na dodir.","_et_gb_content_width":""},"product_brand":[],"product_cat":[131,54,92,91],"product_tag":[],"class_list":{"0":"post-225256","1":"product","2":"type-product","3":"status-publish","4":"has-post-thumbnail","6":"product_cat-akcija","7":"product_cat-novi-proizvodi","8":"product_cat-rukavice","9":"product_cat-rukavice-i-carape","11":"first","12":"instock","13":"shipping-taxable","14":"purchasable","15":"product-type-variable"},"_links":{"self":[{"href":"https:\/\/neocarbone.com\/it\/wp-json\/wp\/v2\/product\/225256","targetHints":{"allow":["GET"]}}],"collection":[{"href":"https:\/\/neocarbone.com\/it\/wp-json\/wp\/v2\/product"}],"about":[{"href":"https:\/\/neocarbone.com\/it\/wp-json\/wp\/v2\/types\/product"}],"wp:featuredmedia":[{"embeddable":true,"href":"https:\/\/neocarbone.com\/it\/wp-json\/wp\/v2\/media\/225270"}],"wp:attachment":[{"href":"https:\/\/neocarbone.com\/it\/wp-json\/wp\/v2\/media?parent=225256"}],"wp:term":[{"taxonomy":"product_brand","embeddable":true,"href":"https:\/\/neocarbone.com\/it\/wp-json\/wp\/v2\/product_brand?post=225256"},{"taxonomy":"product_cat","embeddable":true,"href":"https:\/\/neocarbone.com\/it\/wp-json\/wp\/v2\/product_cat?post=225256"},{"taxonomy":"product_tag","embeddable":true,"href":"https:\/\/neocarbone.com\/it\/wp-json\/wp\/v2\/product_tag?post=225256"}],"curies":[{"name":"wp","href":"https:\/\/api.w.org\/{rel}","templated":true}]}}