{"id":225483,"date":"2025-03-29T15:56:08","date_gmt":"2025-03-29T13:56:08","guid":{"rendered":"https:\/\/neocarbone.com\/?post_type=product&#038;p=225483"},"modified":"2025-05-12T09:19:57","modified_gmt":"2025-05-12T07:19:57","slug":"peraje-e-black-78cm-list","status":"publish","type":"product","link":"https:\/\/neocarbone.com\/it\/product\/peraje-e-black-78cm-list\/","title":{"rendered":"Pinne Immersion E-Black \u2013 foglio da 78 cm"},"content":{"rendered":"<pre><strong>IMERSION E: PINNE NERE<\/strong>\r\n\r\nL&#039;IMMERSIONE\u00a0<strong>E: NERO<\/strong>\u00a0\u00a0Pinna a piede intero per garantire le tue prestazioni in apnea profonda! La pala, rinforzata con resina e fibre sintetiche, assicura una maggiore rigidit\u00e0. La flessibilit\u00e0 \u00e8 progressiva, ma l&#039;effetto molla \u00e8 accentuato. L&#039;estensione della pala in corrispondenza del tallone permette di trasferire la forza direttamente sulla pala. Pala: 78 cm. Materiale della scarpetta: SEBS55sh. Materiale della pala: Tecnopolimero. Colore: Scarpetta nera \/ Pala nera. Pinna a piede intero. -----------------------\r\n<strong>PALME IMERSION E:BLACK<\/strong>\r\n\r\nLa palma IMERSION<strong>\u00a0E: NERO<\/strong>\u00a0chaussante, assicurer\u00f2 la tua performance in apnea profonda! Il voilure caricato in resina e le fibre sintetiche assicurano un accumulo di rigidit\u00e0. La flessibilit\u00e0 \u00e8 progressiva ma \u00abl&#039;effetto risorsa\u00bb \u00e8 aumentata. Il prolungamento del voilure al livello del tallone consente il trasferimento dello sforzo direttamente nel voilure. Voilure: 78 cm. Materiale chausson: SEBS55sh. Materiale voilure: Tecnopolimero. Colore: Chausson Noir\/Voilure Noire. Palma Chaussante.\r\n\r\n\r\n<\/pre>","protected":false},"excerpt":{"rendered":"<p><strong>IMERSION E: PINNE NERE<\/strong><\/p>\n<p>L&#039;IMMERSIONE\u00a0<strong>E: NERO<\/strong>\u00a0\u00a0La pinna integrale garantir\u00e0 le tue prestazioni in apnea profonda!<br \/>\nLa sua lama, caricata con resina e fibre sintetiche, garantisce una maggiore rigidit\u00e0.<br \/>\nLa flessibilit\u00e0 \u00e8 progressiva, ma l&#039;effetto molla \u00e8 accentuato.<br \/>\nL&#039;estensione della lama nella parte posteriore consente di trasferire la forza direttamente sulla lama.<\/p>\n<p>Lama: 78 cm.<br \/>\nMateriale del rivestimento: SEBS55sh.<br \/>\nMateriale della lama: Tecnopolimero.<br \/>\nColore: Fodera nera \/ Lama nera.<br \/>\nPinna a piede intero.<\/p>\n<p style=\"line-height: 27.0pt; background: white; margin: 0cm 0cm 7.5pt 0cm;\"><strong><span lang=\"hr\" style=\"font-size: 12.0pt; font-family: 'Arial',sans-serif; color: #333333; text-transform: uppercase;\">PALME IMERSION E:BLACK<\/span><\/strong><\/p>\n<p><span lang=\"hr\" style=\"font-family: 'Arial',sans-serif; color: #333333;\">La palma IMERSION<strong><span style=\"font-family: 'Arial',sans-serif;\">\u00a0E: NERO<\/span><\/strong>\u00a0chaussante, assicurer\u00f2 la tua performance in apnea profonda!<br \/>\nIl voilure caricato in resina e le fibre sintetiche assicurano un accumulo di rigidit\u00e0.<br \/>\nLa flessibilit\u00e0 \u00e8 progressiva ma \u00abl&#039;effetto risorsa\u00bb \u00e8 aumentata.<br \/>\nIl prolungamento del voilure al livello del tallone consente il trasferimento dello sforzo direttamente nel voilure.<\/span><\/p>\n<p><span lang=\"hr\" style=\"font-family: 'Arial',sans-serif; color: #333333;\">Vela: 78 cm.<br \/>\nMateriale della scarpa: SEBS55sh.<br \/>\nMateriale voilure: Tecnopolimero.<br \/>\nColore: Chausson Noir\/Voilure Noire.<br \/>\nPalma della scarpa.<\/span><\/p>","protected":false},"featured_media":225490,"template":"","meta":{"_et_pb_use_builder":"off","_et_pb_old_content":"","_et_gb_content_width":""},"product_brand":[],"product_cat":[161,54,110],"product_tag":[],"class_list":{"0":"post-225483","1":"product","2":"type-product","3":"status-publish","4":"has-post-thumbnail","6":"product_cat-imersion","7":"product_cat-novi-proizvodi","8":"product_cat-peraje","10":"first","11":"instock","12":"shipping-taxable","13":"purchasable","14":"product-type-variable"},"_links":{"self":[{"href":"https:\/\/neocarbone.com\/it\/wp-json\/wp\/v2\/product\/225483","targetHints":{"allow":["GET"]}}],"collection":[{"href":"https:\/\/neocarbone.com\/it\/wp-json\/wp\/v2\/product"}],"about":[{"href":"https:\/\/neocarbone.com\/it\/wp-json\/wp\/v2\/types\/product"}],"wp:featuredmedia":[{"embeddable":true,"href":"https:\/\/neocarbone.com\/it\/wp-json\/wp\/v2\/media\/225490"}],"wp:attachment":[{"href":"https:\/\/neocarbone.com\/it\/wp-json\/wp\/v2\/media?parent=225483"}],"wp:term":[{"taxonomy":"product_brand","embeddable":true,"href":"https:\/\/neocarbone.com\/it\/wp-json\/wp\/v2\/product_brand?post=225483"},{"taxonomy":"product_cat","embeddable":true,"href":"https:\/\/neocarbone.com\/it\/wp-json\/wp\/v2\/product_cat?post=225483"},{"taxonomy":"product_tag","embeddable":true,"href":"https:\/\/neocarbone.com\/it\/wp-json\/wp\/v2\/product_tag?post=225483"}],"curies":[{"name":"wp","href":"https:\/\/api.w.org\/{rel}","templated":true}]}}