{"id":225508,"date":"2025-03-29T16:34:02","date_gmt":"2025-03-29T14:34:02","guid":{"rendered":"https:\/\/neocarbone.com\/?post_type=product&#038;p=225508"},"modified":"2026-02-28T00:08:11","modified_gmt":"2026-02-27T22:08:11","slug":"peraje-imersion-psp-carbone-kratki-list-75cm","status":"publish","type":"product","link":"https:\/\/neocarbone.com\/it\/product\/peraje-imersion-psp-carbone-kratki-list-75cm\/","title":{"rendered":"Pinne Immersion PSP Carbone a pala corta \u2013 75 cm"},"content":{"rendered":"<pre>Pinne in carbonio PSP 61 cm Pinne in carbonio per immersioni sportive in piscina, perfette per prove, octopus monopezzo e gare di immersione. Queste pinne consentono anche di allenarsi in acque mosse per il nuoto in superficie. Sarai in grado di effettuare virate molto strette in pochissima acqua. Caratteristiche:<\/pre>\n<ul>\n<li>\n<pre>Vela inclinata, in tessuto di carbonio ad alto modulo, finitura volutamente (o deliberatamente) basica e produzione razionalizzata al massimo.<\/pre>\n<\/li>\n<li>\n<pre>Profilo di orientamento e protezione.<\/pre>\n<\/li>\n<li>\n<pre>Vela non rimovibile.<\/pre>\n<\/li>\n<li>\n<pre>Colore: vela e scarpa nere.<\/pre>\n<\/li>\n<li>\n<pre>Superficie velica: 61 cm.<\/pre>\n<\/li>\n<\/ul>\n<pre>\r\n----------------------- PALMES Carbone PSP 61 cm Palme carbone de Plong\u00e9e Sportive en Piscine, parfaite pour les \u00e9preuves de trial, octopus monobloc et d&#039;\u00e9mersion. Queste palme consentono anche una pratica nell&#039;acqua viva per la superficie. Vous pougeres effecteur des virages tr\u00e8s serr\u00e9s dans tr\u00e8s peu d&#039;eau. Caratteristiche:<\/pre>\n<ul>\n<li>\n<pre>Voilure d\u00e9cl\u00edv\u00e9e, en tissu carbone haut module, una finition volontariement (ou d\u00e9lib\u00e9r\u00e9ment) basic et una production razionalis\u00e9e au mieux.<\/pre>\n<\/li>\n<li>\n<pre>Profilo di guida e di protezione.<\/pre>\n<\/li>\n<li>\n<pre>Tettuccio non rimovibile.<\/pre>\n<\/li>\n<li>\n<pre>Colore: Voilure et chausson noirs.<\/pre>\n<\/li>\n<li>\n<pre>Vela: 61 cm.<\/pre>\n<\/li>\n<\/ul>\n<ul>\n<li>\n<pre><\/pre>\n<\/li>\n<\/ul>","protected":false},"excerpt":{"rendered":"<p><strong>Pinne in carbonio PSP da 61 cm<\/strong><\/p>\n<p>Pinna in carbonio per\u00a0<strong>tuffi sportivi<\/strong>\u00a0E\u00a0<strong>la piscina,<\/strong> Perfetto per prove, polpi monopezzo ed eventi immersivi.<br \/>\nQueste pinne permettono anche di praticare il nuoto in superficie nelle acque mosse. Sarai in grado di effettuare virate molto strette anche in acque poco profonde.<\/p>\n<p>Caratteristiche:<\/p>\n<ul>\n<li>Vela inclinata, in tessuto di carbonio ad alto modulo, finitura volutamente (o deliberatamente) basica e produzione razionalizzata al massimo.<\/li>\n<li>Profilo di orientamento e protezione.<\/li>\n<li>Vela non rimovibile.<\/li>\n<li>Colore: vela e scarpa nere.<\/li>\n<li>Superficie velica: 61 cm.<\/li>\n<\/ul>\n<p>&nbsp;<\/p>\n<p><strong>PALMES Carbone PSP 61 cm<\/strong><\/p>\n<p>Palme carbone de\u00a0<strong>Fumo sportivo<\/strong>\u00a0en\u00a0<strong>Piscine,\u00a0<\/strong>Parfaite pour les \u00e9preuves de trial, octopus monobloc et d&#039;\u00e9mersion.<br \/>\nQueste palme consentono anche una pratica nell&#039;acqua viva per la superficie. Vous pougeres effecteur des virages tr\u00e8s serr\u00e9s dans tr\u00e8s peu d&#039;eau.<\/p>\n<p>Caratteristiche:<\/p>\n<ul>\n<li>Voilure d\u00e9cl\u00edv\u00e9e, en tissu carbone haut module, una finition volontariement (ou d\u00e9lib\u00e9r\u00e9ment) basic et una production razionalis\u00e9e au mieux.<\/li>\n<li>Profilo di guida e di protezione.<\/li>\n<li>Tettuccio non rimovibile.<\/li>\n<li>Colore: Voilure et chausson noirs.<\/li>\n<li>Vela: 61 cm.<\/li>\n<\/ul>","protected":false},"featured_media":225512,"template":"","meta":{"_et_pb_use_builder":"off","_et_pb_old_content":"","_et_gb_content_width":""},"product_brand":[],"product_cat":[161,54,110],"product_tag":[],"class_list":{"0":"post-225508","1":"product","2":"type-product","3":"status-publish","4":"has-post-thumbnail","6":"product_cat-imersion","7":"product_cat-novi-proizvodi","8":"product_cat-peraje","10":"first","11":"instock","12":"shipping-taxable","13":"purchasable","14":"product-type-variable"},"_links":{"self":[{"href":"https:\/\/neocarbone.com\/it\/wp-json\/wp\/v2\/product\/225508","targetHints":{"allow":["GET"]}}],"collection":[{"href":"https:\/\/neocarbone.com\/it\/wp-json\/wp\/v2\/product"}],"about":[{"href":"https:\/\/neocarbone.com\/it\/wp-json\/wp\/v2\/types\/product"}],"wp:featuredmedia":[{"embeddable":true,"href":"https:\/\/neocarbone.com\/it\/wp-json\/wp\/v2\/media\/225512"}],"wp:attachment":[{"href":"https:\/\/neocarbone.com\/it\/wp-json\/wp\/v2\/media?parent=225508"}],"wp:term":[{"taxonomy":"product_brand","embeddable":true,"href":"https:\/\/neocarbone.com\/it\/wp-json\/wp\/v2\/product_brand?post=225508"},{"taxonomy":"product_cat","embeddable":true,"href":"https:\/\/neocarbone.com\/it\/wp-json\/wp\/v2\/product_cat?post=225508"},{"taxonomy":"product_tag","embeddable":true,"href":"https:\/\/neocarbone.com\/it\/wp-json\/wp\/v2\/product_tag?post=225508"}],"curies":[{"name":"wp","href":"https:\/\/api.w.org\/{rel}","templated":true}]}}