{"id":225568,"date":"2025-04-19T18:10:30","date_gmt":"2025-04-19T16:10:30","guid":{"rendered":"https:\/\/neocarbone.com\/?post_type=product&#038;p=225568"},"modified":"2025-04-20T13:15:31","modified_gmt":"2025-04-20T11:15:31","slug":"podvodna-puska-challenger-3d-imersion-50-cm","status":"publish","type":"product","link":"https:\/\/neocarbone.com\/it\/product\/podvodna-puska-challenger-3d-imersion-50-cm\/","title":{"rendered":"Pistola subacquea Challenger 3D Immersion \u2013 50 cm"},"content":{"rendered":"<pre><strong>CHALLENGER 3D<\/strong>\r\n\r\nThe CHALLENGER 3D\u00a0spearfishing crossbow\u00a0is equipped with:\r\nAn aluminum tube \u00d8 28 mm\r\nA threaded arrow \u00d8 6.5 mm stainless steel, milled heel (7 x 100)\r\nA set of shells emerges\r\nA pair of latex bungee cords \u00d8 18 mm, length 13 cm\r\nA flat plastic trident, 3 stainless steel spikes: 9 cm \u2013 \u00d8 4 mm\r\nGuaranteed waterproofing achieved by buoyancy elements made of high-density cellular resin.\r\nTube geometry ensuring perfect rigidity.\r\nAfter use, rinse with fresh water. Dry the equipment and store it in a dry place, away from light.\r\nSize\u00a0 : 50\r\n----------<\/pre>\n<pre><strong>CHALLENGER 3D\r\n<\/strong>\r\nL\u2019arbal\u00e8te de p\u00eache sous- marine CHALLENGER 3D est \u00e9quip\u00e9e :\r\nUn tube aluminium \u00d8 28 mm\r\nUne fl\u00e8che filet\u00e9e \u00d8 6.5 mm inox, talon frais\u00e9 ( 7 x 100)\r\nUn jeu d\u2019obus ressort\r\nUne paire de sandows latex \u00d8 18 mm, longueur 13 cm\r\nUn trident plat plastique, 3 pics inox : 9 cm \u2013 \u00d8 4 mm\r\nEtanch\u00e9it\u00e9 garantie r\u00e9alis\u00e9e par des \u00e9l\u00e9ments de flottabilit\u00e9 en r\u00e9sine alv\u00e9olaire haute densit\u00e9.\r\nG\u00e9om\u00e9trie du tube assurant une rigidit\u00e9 parfaite.\r\nApr\u00e8s utilisation rincer \u00e0 l\u2019eau douce. Faire s\u00e9cher le mat\u00e9riel et le stocker dans un endroit sec, \u00e0 l\u2019abri de la lumi\u00e8re.\r\nTaille : 50<\/pre>","protected":false},"excerpt":{"rendered":"<p>CHALLENGER 3D The CHALLENGER 3D\u00a0spearfishing crossbow\u00a0is equipped with: An aluminum tube \u00d8 28 mm A threaded arrow \u00d8 6.5 mm stainless steel, milled heel (7 x 100) A set of shells emerges A pair of latex bungee cords \u00d8 18 mm, length 13 cm A flat plastic trident, 3 stainless steel spikes: 9 cm \u2013 [&hellip;]<\/p>\n","protected":false},"featured_media":225574,"template":"","meta":{"_et_pb_use_builder":"","_et_pb_old_content":"","_et_gb_content_width":""},"product_brand":[],"product_cat":[161,54,76,77],"product_tag":[],"class_list":{"0":"post-225568","1":"product","2":"type-product","3":"status-publish","4":"has-post-thumbnail","6":"product_cat-imersion","7":"product_cat-novi-proizvodi","8":"product_cat-podvodne-puske","9":"product_cat-podvodne-puske-aluminijske","11":"first","12":"instock","13":"shipping-taxable","14":"purchasable","15":"product-type-simple"},"_links":{"self":[{"href":"https:\/\/neocarbone.com\/it\/wp-json\/wp\/v2\/product\/225568","targetHints":{"allow":["GET"]}}],"collection":[{"href":"https:\/\/neocarbone.com\/it\/wp-json\/wp\/v2\/product"}],"about":[{"href":"https:\/\/neocarbone.com\/it\/wp-json\/wp\/v2\/types\/product"}],"wp:featuredmedia":[{"embeddable":true,"href":"https:\/\/neocarbone.com\/it\/wp-json\/wp\/v2\/media\/225574"}],"wp:attachment":[{"href":"https:\/\/neocarbone.com\/it\/wp-json\/wp\/v2\/media?parent=225568"}],"wp:term":[{"taxonomy":"product_brand","embeddable":true,"href":"https:\/\/neocarbone.com\/it\/wp-json\/wp\/v2\/product_brand?post=225568"},{"taxonomy":"product_cat","embeddable":true,"href":"https:\/\/neocarbone.com\/it\/wp-json\/wp\/v2\/product_cat?post=225568"},{"taxonomy":"product_tag","embeddable":true,"href":"https:\/\/neocarbone.com\/it\/wp-json\/wp\/v2\/product_tag?post=225568"}],"curies":[{"name":"wp","href":"https:\/\/api.w.org\/{rel}","templated":true}]}}