{"id":225595,"date":"2025-04-19T18:51:04","date_gmt":"2025-04-19T16:51:04","guid":{"rendered":"https:\/\/neocarbone.com\/?post_type=product&#038;p=225595"},"modified":"2025-04-20T13:16:03","modified_gmt":"2025-04-20T11:16:03","slug":"podvodna-puska-eskwad-pro-imersion","status":"publish","type":"product","link":"https:\/\/neocarbone.com\/it\/product\/podvodna-puska-eskwad-pro-imersion\/","title":{"rendered":"Pistola subacquea ESKWAD PRO \u2013 Immersione"},"content":{"rendered":"<p>Fucile subacqueo classico in alluminio con attacco in gomma di Imersion<\/p>\n<ul>\n<li>Disponibile nelle misure 75 cm, 90 cm, 100 cm.<\/li>\n<\/ul>","protected":false},"excerpt":{"rendered":"<p>Aluminijska klasi\u010dna podvodna pu\u0161ka na gumu od proizvo\u0111a\u010da Imersion Dostupna u veli\u010dinama 75cm, 90cm, 100cm.<\/p>","protected":false},"featured_media":225599,"template":"","meta":{"_et_pb_use_builder":"","_et_pb_old_content":"","_et_gb_content_width":""},"product_brand":[],"product_cat":[131,161,54,76,77],"product_tag":[],"class_list":{"0":"post-225595","1":"product","2":"type-product","3":"status-publish","4":"has-post-thumbnail","6":"product_cat-akcija","7":"product_cat-imersion","8":"product_cat-novi-proizvodi","9":"product_cat-podvodne-puske","10":"product_cat-podvodne-puske-aluminijske","12":"first","13":"instock","14":"shipping-taxable","15":"purchasable","16":"product-type-variable"},"_links":{"self":[{"href":"https:\/\/neocarbone.com\/it\/wp-json\/wp\/v2\/product\/225595","targetHints":{"allow":["GET"]}}],"collection":[{"href":"https:\/\/neocarbone.com\/it\/wp-json\/wp\/v2\/product"}],"about":[{"href":"https:\/\/neocarbone.com\/it\/wp-json\/wp\/v2\/types\/product"}],"wp:featuredmedia":[{"embeddable":true,"href":"https:\/\/neocarbone.com\/it\/wp-json\/wp\/v2\/media\/225599"}],"wp:attachment":[{"href":"https:\/\/neocarbone.com\/it\/wp-json\/wp\/v2\/media?parent=225595"}],"wp:term":[{"taxonomy":"product_brand","embeddable":true,"href":"https:\/\/neocarbone.com\/it\/wp-json\/wp\/v2\/product_brand?post=225595"},{"taxonomy":"product_cat","embeddable":true,"href":"https:\/\/neocarbone.com\/it\/wp-json\/wp\/v2\/product_cat?post=225595"},{"taxonomy":"product_tag","embeddable":true,"href":"https:\/\/neocarbone.com\/it\/wp-json\/wp\/v2\/product_tag?post=225595"}],"curies":[{"name":"wp","href":"https:\/\/api.w.org\/{rel}","templated":true}]}}