{"id":225604,"date":"2025-04-20T12:56:25","date_gmt":"2025-04-20T10:56:25","guid":{"rendered":"https:\/\/neocarbone.com\/?post_type=product&#038;p=225604"},"modified":"2025-04-20T13:16:21","modified_gmt":"2025-04-20T11:16:21","slug":"disalica-thazard-imersion","status":"publish","type":"product","link":"https:\/\/neocarbone.com\/it\/product\/disalica-thazard-imersion\/","title":{"rendered":"Snorkel Thazard \u2013 Immersion"},"content":{"rendered":"<pre><strong>Tuba THAZARD<\/strong>\r\n\r\nIl boccaglio THAZARD \u00e8 un boccaglio da pesca subacquea con boccaglio ergonomico in silicone. Il corpo del boccaglio \u00e8 flessibile. Taglia adulto. Colore: Nero. Diametro 20 mm. Articolo non restituibile o sostituibile.<\/pre>\n<pre><strong>Tuba THAZARD<\/strong>\r\n\r\nLa tuba THAZARD \u00e8 una tuba di pesca sottomarina con un design ergonomico in silicone. Le corps du tuba est souple. Taille adulte. Colore: Nero. Diametro 20 mm. Articolo n\u00e9 repris n\u00e9 \u00e9chang\u00e9.<\/pre>","protected":false},"excerpt":{"rendered":"<p>Tuba THAZARD The\u00a0THAZARD\u00a0snorkel is an underwater fishing snorkel with an ergonomic silicone mouthpiece. The body of the snorkel is flexible. Adult size. Color: Black. Diameter 20 mm. Item not returned or exchanged. &#8212;&#8212;&#8212;&#8212;&#8212;&#8212;&#8212;&#8212;&#8212;&#8212;- Tuba THAZARD Le tuba\u00a0THAZARD\u00a0est un tuba de p\u00eache sous- marine avec embouchoir ergonomique en silicone. Le corps du tuba est souple. Taille [&hellip;]<\/p>\n","protected":false},"featured_media":225607,"template":"","meta":{"_et_pb_use_builder":"","_et_pb_old_content":"","_et_gb_content_width":""},"product_brand":[],"product_cat":[72,161,54],"product_tag":[],"class_list":{"0":"post-225604","1":"product","2":"type-product","3":"status-publish","4":"has-post-thumbnail","6":"product_cat-disalice","7":"product_cat-imersion","8":"product_cat-novi-proizvodi","10":"first","11":"instock","12":"shipping-taxable","13":"purchasable","14":"product-type-simple"},"_links":{"self":[{"href":"https:\/\/neocarbone.com\/it\/wp-json\/wp\/v2\/product\/225604","targetHints":{"allow":["GET"]}}],"collection":[{"href":"https:\/\/neocarbone.com\/it\/wp-json\/wp\/v2\/product"}],"about":[{"href":"https:\/\/neocarbone.com\/it\/wp-json\/wp\/v2\/types\/product"}],"wp:featuredmedia":[{"embeddable":true,"href":"https:\/\/neocarbone.com\/it\/wp-json\/wp\/v2\/media\/225607"}],"wp:attachment":[{"href":"https:\/\/neocarbone.com\/it\/wp-json\/wp\/v2\/media?parent=225604"}],"wp:term":[{"taxonomy":"product_brand","embeddable":true,"href":"https:\/\/neocarbone.com\/it\/wp-json\/wp\/v2\/product_brand?post=225604"},{"taxonomy":"product_cat","embeddable":true,"href":"https:\/\/neocarbone.com\/it\/wp-json\/wp\/v2\/product_cat?post=225604"},{"taxonomy":"product_tag","embeddable":true,"href":"https:\/\/neocarbone.com\/it\/wp-json\/wp\/v2\/product_tag?post=225604"}],"curies":[{"name":"wp","href":"https:\/\/api.w.org\/{rel}","templated":true}]}}