{"id":225617,"date":"2025-04-20T13:31:29","date_gmt":"2025-04-20T11:31:29","guid":{"rendered":"https:\/\/neocarbone.com\/?post_type=product&#038;p=225617"},"modified":"2026-03-19T13:39:13","modified_gmt":"2026-03-19T11:39:13","slug":"utezi-za-noge-imersion","status":"publish","type":"product","link":"https:\/\/neocarbone.com\/it\/product\/utezi-za-noge-imersion\/","title":{"rendered":"Pesi per le gambe \u2013 Immersione"},"content":{"rendered":"<pre><strong>Pesi morbidi per caviglie 2x500 g<\/strong>\r\n\r\nQuesto paio di zavorre in morbido neoprene per le caviglie \u00e8 progettato per appesantire le gambe del pescatore subacqueo. Le gambe rimarranno trattenute verso il fondo. Clip a sgancio rapido e cinturino regolabile. Vendute in coppia. Peso di una zavorra: 500 g -----------------------------------\r\n\r\n<strong>Zuppa di Lest de Cheville 2x500 g<\/strong>\r\n\r\nCette paire de lests de chevilles souples en n\u00e9opr\u00e8ne, est conceit pour lester les jambes du p\u00eacheur sous-marin. Vos jambes resteront maintenues vers le fond. Clip di chiusura rapida e cinturino regolabile. Vendo un paio. Poids d&#039;un lest: 500 g<\/pre>\n<p>&nbsp;<\/p>","protected":false},"excerpt":{"rendered":"<p>Soft ankle weight 2&#215;500 g This pair of soft neoprene ankle weights is designed to weigh down the legs of the underwater fisherman. Your legs will remain held towards the bottom. Quick-release clip and adjustable strap. Sold in pairs. Weight of a ballast: 500 g &#8212;&#8212;&#8212;&#8212;&#8212;&#8212;&#8212;&#8212;&#8212;&#8212;&#8212;&#8211; Lest de cheville souple 2&#215;500 g Cette paire de [&hellip;]<\/p>\n","protected":false},"featured_media":225618,"template":"","meta":{"_et_pb_use_builder":"","_et_pb_old_content":"","_et_gb_content_width":""},"product_brand":[],"product_cat":[161,54,162,163],"product_tag":[],"class_list":{"0":"post-225617","1":"product","2":"type-product","3":"status-publish","4":"has-post-thumbnail","6":"product_cat-imersion","7":"product_cat-novi-proizvodi","8":"product_cat-utezi","9":"product_cat-za-noge","11":"first","12":"instock","13":"shipping-taxable","14":"purchasable","15":"product-type-simple"},"_links":{"self":[{"href":"https:\/\/neocarbone.com\/it\/wp-json\/wp\/v2\/product\/225617","targetHints":{"allow":["GET"]}}],"collection":[{"href":"https:\/\/neocarbone.com\/it\/wp-json\/wp\/v2\/product"}],"about":[{"href":"https:\/\/neocarbone.com\/it\/wp-json\/wp\/v2\/types\/product"}],"wp:featuredmedia":[{"embeddable":true,"href":"https:\/\/neocarbone.com\/it\/wp-json\/wp\/v2\/media\/225618"}],"wp:attachment":[{"href":"https:\/\/neocarbone.com\/it\/wp-json\/wp\/v2\/media?parent=225617"}],"wp:term":[{"taxonomy":"product_brand","embeddable":true,"href":"https:\/\/neocarbone.com\/it\/wp-json\/wp\/v2\/product_brand?post=225617"},{"taxonomy":"product_cat","embeddable":true,"href":"https:\/\/neocarbone.com\/it\/wp-json\/wp\/v2\/product_cat?post=225617"},{"taxonomy":"product_tag","embeddable":true,"href":"https:\/\/neocarbone.com\/it\/wp-json\/wp\/v2\/product_tag?post=225617"}],"curies":[{"name":"wp","href":"https:\/\/api.w.org\/{rel}","templated":true}]}}