{"id":225624,"date":"2025-04-20T14:03:18","date_gmt":"2025-04-20T12:03:18","guid":{"rendered":"https:\/\/neocarbone.com\/?post_type=product&#038;p=225624"},"modified":"2025-04-20T14:06:59","modified_gmt":"2025-04-20T12:06:59","slug":"spearbag-kopiraj","status":"publish","type":"product","link":"https:\/\/neocarbone.com\/it\/product\/spearbag-kopiraj\/","title":{"rendered":"Borsa porta-fucile \u2013 Immersion"},"content":{"rendered":"<pre><span lang=\"hr\"><strong>Copertura per fucile subacqueo GRAND RAID<\/strong>\r\n\r\nQuesta custodia GRAND RAID, realizzata in telone 500 denari, consente di trasportare fino a 4 balestre, oltre ai relativi accessori. \u00c8 dotata di due tasche interne, una maniglia per il trasporto e una tracolla regolabile. Chiusura con cerniera in poliammide. Volume: 25 litri. Dimensioni: 170 x 21 x 7 cm. Materiale: TELONE 500 denari. REF: B690 -------------------------\r\n\r\n<strong>Custodia per balestra GRAND RAID<\/strong><\/span>\r\n\r\n<span lang=\"hr\">Questa custodia per il trasporto GRAND RAID, in Tarpolin da 500 denari, consente il trasporto fino a 4 balestre, pi\u00f9 i loro accessori. Elle est \u00e9quip\u00e9e de deux poches int\u00e9rieures, d&#039;une poign\u00e9e de portage plus una bandouli\u00e8re con tracolla regolabile. Chiusura lampo in poliammide.<\/span>\r\n\r\n<span lang=\"hr\">Volume: 25 litri. Dimensioni: 170 x 21 x 7 cm. Materiale: TELONE 500 denari.<\/span>\r\n\r\n<span lang=\"hr\">RIF.: B690<\/span>\r\n\r\n<span lang=\"hr\">\u00a0<\/span>\r\n\r\n\r\n<\/pre>","protected":false},"excerpt":{"rendered":"<p>GRAND RAID speargun Cover This GRAND RAID\u00a0carrying case ,\u00a0made of 500 denier Tarpolin, allows you to carry up to 4 crossbows, plus their accessories. It is equipped with two interior pockets, a carrying handle and an adjustable shoulder strap. Polyamide zip closure. Volume: 25 liters. Dimensions: 170 x 21 x 7 cm. Material: TARPOLIN 500 [&hellip;]<\/p>\n","protected":false},"featured_media":225625,"template":"","meta":{"_et_pb_use_builder":"","_et_pb_old_content":"","_et_gb_content_width":""},"product_brand":[],"product_cat":[161,54,86],"product_tag":[],"class_list":{"0":"post-225624","1":"product","2":"type-product","3":"status-publish","4":"has-post-thumbnail","6":"product_cat-imersion","7":"product_cat-novi-proizvodi","8":"product_cat-torbe","10":"first","11":"instock","12":"shipping-taxable","13":"purchasable","14":"product-type-simple"},"_links":{"self":[{"href":"https:\/\/neocarbone.com\/it\/wp-json\/wp\/v2\/product\/225624","targetHints":{"allow":["GET"]}}],"collection":[{"href":"https:\/\/neocarbone.com\/it\/wp-json\/wp\/v2\/product"}],"about":[{"href":"https:\/\/neocarbone.com\/it\/wp-json\/wp\/v2\/types\/product"}],"wp:featuredmedia":[{"embeddable":true,"href":"https:\/\/neocarbone.com\/it\/wp-json\/wp\/v2\/media\/225625"}],"wp:attachment":[{"href":"https:\/\/neocarbone.com\/it\/wp-json\/wp\/v2\/media?parent=225624"}],"wp:term":[{"taxonomy":"product_brand","embeddable":true,"href":"https:\/\/neocarbone.com\/it\/wp-json\/wp\/v2\/product_brand?post=225624"},{"taxonomy":"product_cat","embeddable":true,"href":"https:\/\/neocarbone.com\/it\/wp-json\/wp\/v2\/product_cat?post=225624"},{"taxonomy":"product_tag","embeddable":true,"href":"https:\/\/neocarbone.com\/it\/wp-json\/wp\/v2\/product_tag?post=225624"}],"curies":[{"name":"wp","href":"https:\/\/api.w.org\/{rel}","templated":true}]}}