{"id":225637,"date":"2025-04-20T15:01:11","date_gmt":"2025-04-20T13:01:11","guid":{"rendered":"https:\/\/neocarbone.com\/?post_type=product&#038;p=225637"},"modified":"2025-04-20T15:03:32","modified_gmt":"2025-04-20T13:03:32","slug":"osti-3-zuba-imersion","status":"publish","type":"product","link":"https:\/\/neocarbone.com\/it\/product\/osti-3-zuba-imersion\/","title":{"rendered":"Lama a 3 denti \u2013 Immersione"},"content":{"rendered":"<pre><strong>Tridente di plastica a 3 punte lunghe<\/strong>\r\n\r\nTridente in plastica con 3 punte lunghe, avvitabile. Questo tridente in plastica con 3 punte lunghe si avvita su una freccia filettata 7 x 100. \u00c8 stato progettato per equipaggiare le frecce dei pescatori subacquei esperti. Ti permetter\u00e0 di aumentare le tue possibilit\u00e0 di cattura quando peschi in buche. Include:<\/pre>\n<ul>\n<li>\n<pre>Un adattatore che permette di montarlo su una freccia con filettatura 6 x 100.<\/pre>\n<\/li>\n<li>\n<pre>Realizzato in polipropilene resistente agli urti e acciaio inossidabile Z30C13 (antiruggine).<\/pre>\n<\/li>\n<li>\n<pre>Colore: Nero.<\/pre>\n<\/li>\n<li>\n<pre>Dimensioni: 15 cm.<\/pre>\n<\/li>\n<\/ul>\n<pre>Per la manutenzione, ricordarsi di lubrificare la filettatura della freccia per facilitare il montaggio e lo smontaggio. -------------------------------------\r\n<strong>Trident Plastique 3 punte lunghe<\/strong>\r\n\r\nTrident Plastique 3 punte lunghe, a vista. Ce trident plastic 3 pointes longues se visse sur une fl\u00e8che au filetage 7 x 100. Il a \u00e9t\u00e9 \u00e9laborado pour \u00e9quipper les fl\u00e8ches des p\u00eacheurs sous-marins experientes. Ti permette di aumentare le tue possibilit\u00e0 di premio, pescando a trou. Il libro \u00e8 con:<\/pre>\n<ul>\n<li>\n<pre>Un adattatore che consente il montaggio su una fl\u00e8che au filletage 6 x 100.<\/pre>\n<\/li>\n<li>\n<pre>Realizzato in polipropilene cioccolato e inox Z30C13 (inossidabile).<\/pre>\n<\/li>\n<li>\n<pre>Colore: Nero.<\/pre>\n<\/li>\n<li>\n<pre>Dimensioni: 15 cm.<\/pre>\n<\/li>\n<\/ul>\n<pre>Pour l&#039;entretien, pensez \u00e0 graisser le filetage de la fl\u00e8che pour facilitaire le montage et d\u00e9montage.<\/pre>","protected":false},"excerpt":{"rendered":"<p>Plastic Trident 3 long points Plastic trident with 3 long points, screw-on. This plastic trident with 3 long points screws onto a 7 x 100 threaded arrow. It was designed to equip the arrows of experienced underwater fishermen. It will allow you to increase your chances of catches when fishing in holes. It comes with: [&hellip;]<\/p>\n","protected":false},"featured_media":225638,"template":"","meta":{"_et_pb_use_builder":"","_et_pb_old_content":"","_et_gb_content_width":""},"product_brand":[],"product_cat":[161,54,160,53],"product_tag":[],"class_list":{"0":"post-225637","1":"product","2":"type-product","3":"status-publish","4":"has-post-thumbnail","6":"product_cat-imersion","7":"product_cat-novi-proizvodi","8":"product_cat-podvodne-puske-zrak-podvodne-puske","9":"product_cat-razni-dodaci","11":"first","12":"instock","13":"shipping-taxable","14":"purchasable","15":"product-type-simple"},"_links":{"self":[{"href":"https:\/\/neocarbone.com\/it\/wp-json\/wp\/v2\/product\/225637","targetHints":{"allow":["GET"]}}],"collection":[{"href":"https:\/\/neocarbone.com\/it\/wp-json\/wp\/v2\/product"}],"about":[{"href":"https:\/\/neocarbone.com\/it\/wp-json\/wp\/v2\/types\/product"}],"wp:featuredmedia":[{"embeddable":true,"href":"https:\/\/neocarbone.com\/it\/wp-json\/wp\/v2\/media\/225638"}],"wp:attachment":[{"href":"https:\/\/neocarbone.com\/it\/wp-json\/wp\/v2\/media?parent=225637"}],"wp:term":[{"taxonomy":"product_brand","embeddable":true,"href":"https:\/\/neocarbone.com\/it\/wp-json\/wp\/v2\/product_brand?post=225637"},{"taxonomy":"product_cat","embeddable":true,"href":"https:\/\/neocarbone.com\/it\/wp-json\/wp\/v2\/product_cat?post=225637"},{"taxonomy":"product_tag","embeddable":true,"href":"https:\/\/neocarbone.com\/it\/wp-json\/wp\/v2\/product_tag?post=225637"}],"curies":[{"name":"wp","href":"https:\/\/api.w.org\/{rel}","templated":true}]}}