{"id":225643,"date":"2025-04-20T15:07:05","date_gmt":"2025-04-20T13:07:05","guid":{"rendered":"https:\/\/neocarbone.com\/?post_type=product&#038;p=225643"},"modified":"2025-04-20T15:09:31","modified_gmt":"2025-04-20T13:09:31","slug":"osti-4-zuba-metal-imersion","status":"publish","type":"product","link":"https:\/\/neocarbone.com\/it\/product\/osti-4-zuba-metal-imersion\/","title":{"rendered":"Osti 4 denti in metallo \u2013 Immersione"},"content":{"rendered":"<pre><strong>Quadrident Elc Steel<\/strong>\r\n\r\nQuadrident Elec in acciaio con rivestimento in zinco blu. Pu\u00f2 essere montato su tutte le frecce con filettatura 6 x 100.<\/pre>\n<ul>\n<li>\n<pre>Diametro della punta: 5 mm.<\/pre>\n<\/li>\n<li>\n<pre>Lunghezza del tridente: 153 mm.<\/pre>\n<\/li>\n<\/ul>\n<pre>Per la manutenzione, ricordate di lubrificare la filettatura della freccia per facilitare il montaggio e lo smontaggio.<\/pre>\n<pre>------------------------\r\n\r\n<strong>Quadrident Elec Acier<\/strong>\r\n\r\nQuadrident Elec in acciaio con rivestimento Zinc blu. Il se monte sur toutes les fl\u00e8ches au filetage 6 x 100.<\/pre>\n<ul>\n<li>\n<pre>Diametro delle punte: 5 mm.<\/pre>\n<\/li>\n<li>\n<pre>Lunghezza del tridente: 153 mm.<\/pre>\n<\/li>\n<\/ul>\n<pre>Pour l&#039;entretien, pensez \u00e0 graisser le filetage de la fl\u00e8che pour facilitaire le montage et d\u00e9montage.<\/pre>","protected":false},"excerpt":{"rendered":"<p>Quadrident Elec Steel Quadrident Elec in steel with blue zinc coating. It can be mounted on all arrows with 6 x 100 thread. Diameter of the spikes: 5 mm. Trident length: 153 mm. For maintenance, remember to grease the thread of the arrow to facilitate assembly and disassembly. &#8212;&#8212;&#8212;&#8212;&#8212;&#8212;&#8212;&#8212; Quadrident Elec Acier Quadrident Elec en [&hellip;]<\/p>\n","protected":false},"featured_media":225644,"template":"","meta":{"_et_pb_use_builder":"","_et_pb_old_content":"","_et_gb_content_width":""},"product_brand":[],"product_cat":[161,54,160,53],"product_tag":[],"class_list":{"0":"post-225643","1":"product","2":"type-product","3":"status-publish","4":"has-post-thumbnail","6":"product_cat-imersion","7":"product_cat-novi-proizvodi","8":"product_cat-podvodne-puske-zrak-podvodne-puske","9":"product_cat-razni-dodaci","11":"first","12":"instock","13":"shipping-taxable","14":"purchasable","15":"product-type-simple"},"_links":{"self":[{"href":"https:\/\/neocarbone.com\/it\/wp-json\/wp\/v2\/product\/225643","targetHints":{"allow":["GET"]}}],"collection":[{"href":"https:\/\/neocarbone.com\/it\/wp-json\/wp\/v2\/product"}],"about":[{"href":"https:\/\/neocarbone.com\/it\/wp-json\/wp\/v2\/types\/product"}],"wp:featuredmedia":[{"embeddable":true,"href":"https:\/\/neocarbone.com\/it\/wp-json\/wp\/v2\/media\/225644"}],"wp:attachment":[{"href":"https:\/\/neocarbone.com\/it\/wp-json\/wp\/v2\/media?parent=225643"}],"wp:term":[{"taxonomy":"product_brand","embeddable":true,"href":"https:\/\/neocarbone.com\/it\/wp-json\/wp\/v2\/product_brand?post=225643"},{"taxonomy":"product_cat","embeddable":true,"href":"https:\/\/neocarbone.com\/it\/wp-json\/wp\/v2\/product_cat?post=225643"},{"taxonomy":"product_tag","embeddable":true,"href":"https:\/\/neocarbone.com\/it\/wp-json\/wp\/v2\/product_tag?post=225643"}],"curies":[{"name":"wp","href":"https:\/\/api.w.org\/{rel}","templated":true}]}}