{"id":790378,"date":"2026-03-10T16:46:56","date_gmt":"2026-03-10T14:46:56","guid":{"rendered":"https:\/\/neocarbone.com\/?post_type=product&#038;p=790378"},"modified":"2026-03-10T16:49:48","modified_gmt":"2026-03-10T14:49:48","slug":"torba-za-opremu-sub-pescador","status":"publish","type":"product","link":"https:\/\/neocarbone.com\/it\/product\/torba-za-opremu-sub-pescador\/","title":{"rendered":"Borsa per attrezzatura SUB \u2013 Pescatore"},"content":{"rendered":"<p><strong>BORSA PER ATTREZZATURE SECONDARIE PESCADOR<\/strong><\/p>\n<p>La sacca porta attrezzatura Pescador \u00e8 una sacca sovradimensionata da 100 litri in PVC impermeabile con cuciture saldate ad alta frequenza che garantiscono che l&#039;attrezzatura bagnata rimanga al suo interno.<\/p>\n<p>Ideale per trasportare pinne lunghe e attrezzature ingombranti in auto o in barca.<\/p>\n<p>Inoltre, \u00e8 dotata di una comoda tasca laterale impermeabile per gli oggetti che necessitano di essere protetti dall&#039;acqua.<\/p>\n<p>Un tappo a un&#039;estremit\u00e0 permette di lavare o drenare facilmente l&#039;acqua in eccesso.<\/p>\n<p>Borsa da viaggio, Borsa per attrezzatura da apnea, ,<\/p>\n<p>&nbsp;<\/p>\n<p><strong>SAC PESCADOR SUB ATTREZZATURA<\/strong><\/p>\n<p>Il sacco per l&#039;attrezzatura da pesca \u00e8 un sacco surdimensionn\u00e9 da 100 litri in PVC con couture saldate ad alta frequenza che garantiscono che l&#039;attrezzatura mouill\u00e9 rimanga ben al suo posto.<\/p>\n<p>Ideale per trasportare lunghe palme e materiale ingombrante nel veicolo o sulla barca.<\/p>\n<p>Inoltre, possiede una tasca laterale molto pratica per gli oggetti che devono essere protetti dall&#039;acqua.<\/p>\n<p>Un tappo all&#039;estremit\u00e0 consente di rimuovere facilmente l&#039;acqua in eccesso o il risciacquo.<\/p>\n<p>Sacca da viaggio, sacca per attrezzatura da immersione in apnea,<\/p>\n<p>&nbsp;<\/p>\n<p>&nbsp;<\/p>\n<p>&nbsp;<\/p>","protected":false},"excerpt":{"rendered":"<p>PESCADOR SUB EQUIMENT BAG The pescador equiment bag\u00a0 is an oversized 100 litre waterproof PVC gearbag with high-frequency welded seams that ensures your wet gear is kept contained. Perfect for transporting long fins and bulky equipment in your vehicle or on the boat. Additionally, it has a convenient watertight side pocket for objects that need [&hellip;]<\/p>\n","protected":false},"featured_media":790367,"template":"","meta":{"_et_pb_use_builder":"","_et_pb_old_content":"","_et_gb_content_width":""},"product_brand":[],"product_cat":[161,54,86],"product_tag":[],"class_list":{"0":"post-790378","1":"product","2":"type-product","3":"status-publish","4":"has-post-thumbnail","6":"product_cat-imersion","7":"product_cat-novi-proizvodi","8":"product_cat-torbe","10":"first","11":"instock","12":"shipping-taxable","13":"purchasable","14":"product-type-simple"},"_links":{"self":[{"href":"https:\/\/neocarbone.com\/it\/wp-json\/wp\/v2\/product\/790378","targetHints":{"allow":["GET"]}}],"collection":[{"href":"https:\/\/neocarbone.com\/it\/wp-json\/wp\/v2\/product"}],"about":[{"href":"https:\/\/neocarbone.com\/it\/wp-json\/wp\/v2\/types\/product"}],"wp:featuredmedia":[{"embeddable":true,"href":"https:\/\/neocarbone.com\/it\/wp-json\/wp\/v2\/media\/790367"}],"wp:attachment":[{"href":"https:\/\/neocarbone.com\/it\/wp-json\/wp\/v2\/media?parent=790378"}],"wp:term":[{"taxonomy":"product_brand","embeddable":true,"href":"https:\/\/neocarbone.com\/it\/wp-json\/wp\/v2\/product_brand?post=790378"},{"taxonomy":"product_cat","embeddable":true,"href":"https:\/\/neocarbone.com\/it\/wp-json\/wp\/v2\/product_cat?post=790378"},{"taxonomy":"product_tag","embeddable":true,"href":"https:\/\/neocarbone.com\/it\/wp-json\/wp\/v2\/product_tag?post=790378"}],"curies":[{"name":"wp","href":"https:\/\/api.w.org\/{rel}","templated":true}]}}