{"id":790380,"date":"2026-03-10T16:50:29","date_gmt":"2026-03-10T14:50:29","guid":{"rendered":"https:\/\/neocarbone.com\/?post_type=product&#038;p=790380"},"modified":"2026-03-10T17:07:01","modified_gmt":"2026-03-10T15:07:01","slug":"torba-za-leda-pescador","status":"publish","type":"product","link":"https:\/\/neocarbone.com\/it\/product\/torba-za-leda-pescador\/","title":{"rendered":"Backpack \u2013 Pescador"},"content":{"rendered":"<p><strong>Borsa del ghiaccio per l&#039;attrezzatura<\/strong><\/p>\n<p>Grande taglia<\/p>\n<p>Zaino Pescador Sub per attrezzatura da pesca subacquea<\/p>\n<p>Borsa impermeabile extra-large realizzata in PVC impermeabile con cuciture saldate ad alta frequenza per garantire che l&#039;attrezzatura bagnata rimanga saldamente al suo posto.<\/p>\n<p>Flessibile e resistente.<\/p>\n<p>Due spallacci per zaino con fibbie di sicurezza.<\/p>\n<p>ampia tasca esterna.<\/p>\n<p><strong>Pescador Sub Sac \u00e0 Dos per attrezzatura da caccia sous-marine<\/strong><\/p>\n<p>Sacca impermeabile di grande volume in PVC impermeabile con couture saldate ad alta frequenza che garantiscono che la tua attrezzatura mouill\u00e9 resti ben al suo posto.<\/p>\n<p>Flessibile e resistente.<\/p>\n<p>2 bretelles sac \u00e0 dos avec attaches s\u00e9curit\u00e9<\/p>\n<p>Poche ext\u00e9rieur de grande taille.<\/p>","protected":false},"excerpt":{"rendered":"<p>Torba za leda za opremu Velika dimenzija Pescador Sub Backpack for Spearfishing Equipment Extra-large waterproof bag made of waterproof PVC with high-frequency welded seams to ensure your wet gear stays securely in place. Flexible and durable. Two backpack straps with safety buckles. Large external pocket. Pescador Sub Sac \u00e0 Dos pour \u00e9quipement de chasse sous-marine [&hellip;]<\/p>\n","protected":false},"featured_media":790359,"template":"","meta":{"_et_pb_use_builder":"","_et_pb_old_content":"","_et_gb_content_width":""},"product_brand":[],"product_cat":[161,54,86],"product_tag":[],"class_list":{"0":"post-790380","1":"product","2":"type-product","3":"status-publish","4":"has-post-thumbnail","6":"product_cat-imersion","7":"product_cat-novi-proizvodi","8":"product_cat-torbe","10":"first","11":"instock","12":"shipping-taxable","13":"purchasable","14":"product-type-simple"},"_links":{"self":[{"href":"https:\/\/neocarbone.com\/it\/wp-json\/wp\/v2\/product\/790380","targetHints":{"allow":["GET"]}}],"collection":[{"href":"https:\/\/neocarbone.com\/it\/wp-json\/wp\/v2\/product"}],"about":[{"href":"https:\/\/neocarbone.com\/it\/wp-json\/wp\/v2\/types\/product"}],"wp:featuredmedia":[{"embeddable":true,"href":"https:\/\/neocarbone.com\/it\/wp-json\/wp\/v2\/media\/790359"}],"wp:attachment":[{"href":"https:\/\/neocarbone.com\/it\/wp-json\/wp\/v2\/media?parent=790380"}],"wp:term":[{"taxonomy":"product_brand","embeddable":true,"href":"https:\/\/neocarbone.com\/it\/wp-json\/wp\/v2\/product_brand?post=790380"},{"taxonomy":"product_cat","embeddable":true,"href":"https:\/\/neocarbone.com\/it\/wp-json\/wp\/v2\/product_cat?post=790380"},{"taxonomy":"product_tag","embeddable":true,"href":"https:\/\/neocarbone.com\/it\/wp-json\/wp\/v2\/product_tag?post=790380"}],"curies":[{"name":"wp","href":"https:\/\/api.w.org\/{rel}","templated":true}]}}