{"id":790381,"date":"2026-03-10T17:09:24","date_gmt":"2026-03-10T15:09:24","guid":{"rendered":"https:\/\/neocarbone.com\/?post_type=product&#038;p=790381"},"modified":"2026-03-10T17:33:18","modified_gmt":"2026-03-10T15:33:18","slug":"podvodna-puska-pro-camo-pescador","status":"publish","type":"product","link":"https:\/\/neocarbone.com\/it\/product\/podvodna-puska-pro-camo-pescador\/","title":{"rendered":"Fucile subacqueo Pro Camo \u2013 Pescador"},"content":{"rendered":"<p><strong>Fucili subacquei Carbon Pro Camo \u2013 Pescador<\/strong><\/p>\n<ul>\n<li>Canna monoblocco diametro 30 mm, acciaio inox 100%, 2 mm, 3K, 200 gr\/m\u00b2, con guida albero integrata.<\/li>\n<li>Forma idrodinamica con lunghe lische di seppia per manovrabilit\u00e0 e stabilit\u00e0 ineguagliabili, architettura a maggiore rigidit\u00e0 progettata per un&#039;elevata resistenza alla flessione per ridurre le interferenze dovute alla deformazione del tubo e fornire una maggiore precisione.<\/li>\n<li>Meccanismo integrato in acciaio inox 316L in un unico pezzo con calciolo di caricamento traforato.<\/li>\n<li>Impugnatura ergonomica e robusta, progettata con un angolo di inclinazione ideale e una linea di tiro libera.<\/li>\n<li>Bocca aperta con 2 passaggi per gomma circolare veloce.<\/li>\n<li>Impugnatura e boccaglio realizzati in nylon 6 rinforzato con fibra di vetro 30% per una maggiore resistenza.<\/li>\n<li>Asta in acciaio Sandvik diametro 7 mm con mini pinne di squalo.<\/li>\n<li>Forcelle Primelines a doppio elastico da 16 mm di diametro con forcella in Dyneema.<\/li>\n<li>Fucile subacqueo ambidestro dotato di serie di mulinello da 30 m e ammortizzatore \/ nylon e manicotti<\/li>\n<\/ul>\n<p>Taglie disponibili: 90, 100, 110, 120<\/p>","protected":false},"excerpt":{"rendered":"<p>Spearguns Carbon Pro Camo &#8211; Pescador Barrel monobloc dia.30mm100% carbone 2mm 3K, 200gr\/m\u00b2 with inetgral shaft guide. Hydrodynamic shape with long cuttlefish bones for unmatched maneuverability and stability increased stiffness architecture designed for high bending resistance to reduce interference from tube deformation and provide an increased accuracy. Integrally 316L stainless steel mechanism in one piece [&hellip;]<\/p>\n","protected":false},"featured_media":790407,"template":"","meta":{"_et_pb_use_builder":"","_et_pb_old_content":"","_et_gb_content_width":""},"product_brand":[],"product_cat":[54,170,76,77],"product_tag":[],"class_list":{"0":"post-790381","1":"product","2":"type-product","3":"status-publish","4":"has-post-thumbnail","6":"product_cat-novi-proizvodi","7":"product_cat-pescador","8":"product_cat-podvodne-puske","9":"product_cat-podvodne-puske-aluminijske","11":"first","12":"instock","13":"shipping-taxable","14":"purchasable","15":"product-type-variable"},"_links":{"self":[{"href":"https:\/\/neocarbone.com\/it\/wp-json\/wp\/v2\/product\/790381","targetHints":{"allow":["GET"]}}],"collection":[{"href":"https:\/\/neocarbone.com\/it\/wp-json\/wp\/v2\/product"}],"about":[{"href":"https:\/\/neocarbone.com\/it\/wp-json\/wp\/v2\/types\/product"}],"wp:featuredmedia":[{"embeddable":true,"href":"https:\/\/neocarbone.com\/it\/wp-json\/wp\/v2\/media\/790407"}],"wp:attachment":[{"href":"https:\/\/neocarbone.com\/it\/wp-json\/wp\/v2\/media?parent=790381"}],"wp:term":[{"taxonomy":"product_brand","embeddable":true,"href":"https:\/\/neocarbone.com\/it\/wp-json\/wp\/v2\/product_brand?post=790381"},{"taxonomy":"product_cat","embeddable":true,"href":"https:\/\/neocarbone.com\/it\/wp-json\/wp\/v2\/product_cat?post=790381"},{"taxonomy":"product_tag","embeddable":true,"href":"https:\/\/neocarbone.com\/it\/wp-json\/wp\/v2\/product_tag?post=790381"}],"curies":[{"name":"wp","href":"https:\/\/api.w.org\/{rel}","templated":true}]}}