{"id":790408,"date":"2026-03-10T17:26:50","date_gmt":"2026-03-10T15:26:50","guid":{"rendered":"https:\/\/neocarbone.com\/?post_type=product&#038;p=790408"},"modified":"2026-03-10T20:27:49","modified_gmt":"2026-03-10T18:27:49","slug":"podvodna-puska-pro-camo-pescador-kopiraj","status":"publish","type":"product","link":"https:\/\/neocarbone.com\/it\/product\/podvodna-puska-pro-camo-pescador-kopiraj\/","title":{"rendered":"Fucile subacqueo Carbon Pro Camo \u2013 Pescador"},"content":{"rendered":"<p><strong>Fucili subacquei Carbon Pro Camo \u2013 Pescador<\/strong><\/p>\n<ul>\n<li>Canna monoblocco diametro 30 mm, acciaio inox 100%, 2 mm, 3K, 200 gr\/m\u00b2, con guida albero integrata.<\/li>\n<li>Forma idrodinamica con lunghe lische di seppia per manovrabilit\u00e0 e stabilit\u00e0 ineguagliabili, architettura a maggiore rigidit\u00e0 progettata per un&#039;elevata resistenza alla flessione per ridurre le interferenze dovute alla deformazione del tubo e fornire una maggiore precisione.<\/li>\n<li>Meccanismo integrato in acciaio inox 316L in un unico pezzo con calciolo di caricamento traforato.<\/li>\n<li>Impugnatura ergonomica e robusta, progettata con un angolo di inclinazione ideale e una linea di tiro libera.<\/li>\n<li>Bocca aperta con 2 passaggi per gomma circolare veloce.<\/li>\n<li>Impugnatura e boccaglio realizzati in nylon 6 rinforzato con fibra di vetro 30% per una maggiore resistenza.<\/li>\n<li>Asta in acciaio Sandvik diametro 7 mm con mini pinne di squalo.<\/li>\n<li>Forcelle Primelines a doppio elastico da 16 mm di diametro con forcella in Dyneema.<\/li>\n<li>Fucile subacqueo ambidestro dotato di serie di mulinello da 30 m e ammortizzatore \/ nylon e manicotti<\/li>\n<\/ul>\n<p>Taglie disponibili: 90, 100, 110, 120<\/p>\n<p><strong>Arbal\u00e8te Carbon Pro Pescador<\/strong><\/p>\n<ul>\n<li>Monoblocco tubo diam. 30mm 100% carbone 2mm 3K, 200gr\/m\u00b2 con gduei fl\u00e8che int\u00e9gral.<\/li>\n<li>Forma idrodinamica nel design a lungo termine per una maneggevolezza e una stabilit\u00e0 senza pari.<\/li>\n<li>L&#039;architettura a rigidit\u00e0 accumulata \u00e8 progettata per una grande resistenza al telaio per limitare il rischio di deformazione del tubo e ottenere una precisione accumulata.<\/li>\n<li>Meccanismo integrato in acciaio inox 316L in un solo pezzo con il pulsante di ricarica aggiornato e la linea di fango staccata.<\/li>\n<li>Design ergonomico e robusto con un angolo di inclinazione ideale.<\/li>\n<li>T\u00eate ouverte avec 2 passaggi pour sandows rapides.<\/li>\n<li>Croce e testina in nylon 6 caricato in fibra di vetro al 30% possono offrirti una resistenza migliore.<\/li>\n<li>Freccia in acciaio Sandvik diametro 7 mm in mini ergot.<\/li>\n<li>Primelines a doppia sabbia circolare, diametro 16 mm, con rivestimento in Dyneema.<\/li>\n<li>Arbal\u00e8te ambidestro \u00e9quip\u00e9e de s\u00e9rie con moulinet Elysium alluminio 30mt \/ ammortizzatore \/ nylon e maniche.<\/li>\n<li>Taglie disponibili: 90, 100, 110, 120<\/li>\n<\/ul>","protected":false},"excerpt":{"rendered":"<p>Spearguns Carbon Pro Camo &#8211; Pescador Barrel monobloc dia.30mm100% carbone 2mm 3K, 200gr\/m\u00b2 with inetgral shaft guide. Hydrodynamic shape with long cuttlefish bones for unmatched maneuverability and stability increased stiffness architecture designed for high bending resistance to reduce interference from tube deformation and provide an increased accuracy. Integrally 316L stainless steel mechanism in one piece [&hellip;]<\/p>\n","protected":false},"featured_media":790388,"template":"","meta":{"_et_pb_use_builder":"","_et_pb_old_content":"","_et_gb_content_width":""},"product_brand":[],"product_cat":[54,170,76,77],"product_tag":[],"class_list":{"0":"post-790408","1":"product","2":"type-product","3":"status-publish","4":"has-post-thumbnail","6":"product_cat-novi-proizvodi","7":"product_cat-pescador","8":"product_cat-podvodne-puske","9":"product_cat-podvodne-puske-aluminijske","11":"first","12":"instock","13":"shipping-taxable","14":"purchasable","15":"product-type-variable"},"_links":{"self":[{"href":"https:\/\/neocarbone.com\/it\/wp-json\/wp\/v2\/product\/790408","targetHints":{"allow":["GET"]}}],"collection":[{"href":"https:\/\/neocarbone.com\/it\/wp-json\/wp\/v2\/product"}],"about":[{"href":"https:\/\/neocarbone.com\/it\/wp-json\/wp\/v2\/types\/product"}],"wp:featuredmedia":[{"embeddable":true,"href":"https:\/\/neocarbone.com\/it\/wp-json\/wp\/v2\/media\/790388"}],"wp:attachment":[{"href":"https:\/\/neocarbone.com\/it\/wp-json\/wp\/v2\/media?parent=790408"}],"wp:term":[{"taxonomy":"product_brand","embeddable":true,"href":"https:\/\/neocarbone.com\/it\/wp-json\/wp\/v2\/product_brand?post=790408"},{"taxonomy":"product_cat","embeddable":true,"href":"https:\/\/neocarbone.com\/it\/wp-json\/wp\/v2\/product_cat?post=790408"},{"taxonomy":"product_tag","embeddable":true,"href":"https:\/\/neocarbone.com\/it\/wp-json\/wp\/v2\/product_tag?post=790408"}],"curies":[{"name":"wp","href":"https:\/\/api.w.org\/{rel}","templated":true}]}}