{"id":790464,"date":"2026-03-10T21:01:28","date_gmt":"2026-03-10T19:01:28","guid":{"rendered":"https:\/\/neocarbone.com\/?post_type=product&#038;p=790464"},"modified":"2026-03-11T10:06:30","modified_gmt":"2026-03-11T08:06:30","slug":"odijelo-pescador-fire-gray-5mm","status":"publish","type":"product","link":"https:\/\/neocarbone.com\/it\/product\/odijelo-pescador-fire-gray-5mm\/","title":{"rendered":"Tuta Pescador Fire Gray \u2013 5mm"},"content":{"rendered":"<p><strong>Wetsuit \u201cFIRE GRAY\u201d Yamamoto \u2013 5mm<\/strong><\/p>\n<p><strong>Mute da sub Yamamoto &quot;Bio&quot; in neoprene - Delicate sulla pelle<\/strong><\/p>\n<ul>\n<li>I prodotti in gomma della Yamamoto Corporation sono realizzati in schiuma a cellule completamente chiuse (struttura a nido d&#039;ape), che offre eccellenti qualit\u00e0 di isolamento termico, elevata flessibilit\u00e0 e una densit\u00e0 molto bassa (leggerezza).<\/li>\n<li>Yamamoto Corporation \u00e8 in grado di fornire materiali eccellenti e di alta qualit\u00e0, con gli spessori appropriati che soddisfano i requisiti ambientali e di utilizzo.<\/li>\n<li>Il neoprene Yamamoto viene classificato in base alla sua resistenza e flessibilit\u00e0. Il materiale Yamamoto 39 \u00e8 il pi\u00f9 utilizzato.<\/li>\n<li>Questo neoprene viene utilizzato nella pesca subacquea, nell&#039;apnea, nel surf e nel triathlon.<\/li>\n<li>Tutti i materiali vantano le seguenti qualit\u00e0 superiori:<\/li>\n<li>Resistenza estremamente bassa:<\/li>\n<li>Elevata ritenzione del calore<\/li>\n<li>Leggero<\/li>\n<li>Elevata durata<\/li>\n<li>Nella progettazione delle mute PESCADOR SUB, il comfort e il benessere dei pescatori subacquei sono stati i principi guida.<\/li>\n<li>Quando un pescatore subacqueo indossa una muta con taglio anatomico, pu\u00f2 muoversi sott&#039;acqua con la stessa libert\u00e0 di quando non indossa una muta. Oltre a ridurre la capacit\u00e0 della muta di trattenere il calore, permette di trascorrere ore in acque con temperature comprese tra i 10 e i 15 gradi Celsius senza nemmeno accorgersene.<\/li>\n<li>Grazie alla sua colorazione mimetica, puoi scegliere quello pi\u00f9 adatto alle tue esigenze in base al tipo di pesca e alla zona che intendi praticare.<\/li>\n<li>Il pesce che ti aspetta per essere portato a casa \u00e8 l&#039;unica cosa a cui pensi quando ti dedichi al tuo hobby, perch\u00e9 PESCADOR SUB valorizza tutti i fattori importanti nella creazione di prodotti di eccellenza.<\/li>\n<li>Abbiamo tute da 1 punto: 5 mm, 3 mm, 5 mm, 7 mm e 9 mm.<\/li>\n<li><strong>Taglie: M, L, XL, 2XL, 3XL, 4XL<\/strong><\/li>\n<\/ul>","protected":false},"excerpt":{"rendered":"<p>Wetsuit \u201cFIRE GRAY\u201d Yamamoto \u2013 5mm Wetsuits Yamamoto \u201cBio\u201d Neoprene \u2013 Friendly skin The rubber products from Yamamoto Corporation are made of fully closed-cell foam (honeycomb structure), which offers excellent thermal insulation qualities, high flexibility, and a very low density (lightweight). Yamamoto Corporation can supply excellent, high-quality materials at the appropriate thicknesses that satisfy environmental [&hellip;]<\/p>\n","protected":false},"featured_media":790420,"template":"","meta":{"_et_pb_use_builder":"","_et_pb_old_content":"","_et_gb_content_width":""},"product_brand":[],"product_cat":[54,49,43,170],"product_tag":[],"class_list":{"0":"post-790464","1":"product","2":"type-product","3":"status-publish","4":"has-post-thumbnail","6":"product_cat-novi-proizvodi","7":"product_cat-odijela-5mm","8":"product_cat-odijela-za-podvodni-ribolov","9":"product_cat-pescador","11":"first","12":"instock","13":"shipping-taxable","14":"purchasable","15":"product-type-variable"},"_links":{"self":[{"href":"https:\/\/neocarbone.com\/it\/wp-json\/wp\/v2\/product\/790464","targetHints":{"allow":["GET"]}}],"collection":[{"href":"https:\/\/neocarbone.com\/it\/wp-json\/wp\/v2\/product"}],"about":[{"href":"https:\/\/neocarbone.com\/it\/wp-json\/wp\/v2\/types\/product"}],"wp:featuredmedia":[{"embeddable":true,"href":"https:\/\/neocarbone.com\/it\/wp-json\/wp\/v2\/media\/790420"}],"wp:attachment":[{"href":"https:\/\/neocarbone.com\/it\/wp-json\/wp\/v2\/media?parent=790464"}],"wp:term":[{"taxonomy":"product_brand","embeddable":true,"href":"https:\/\/neocarbone.com\/it\/wp-json\/wp\/v2\/product_brand?post=790464"},{"taxonomy":"product_cat","embeddable":true,"href":"https:\/\/neocarbone.com\/it\/wp-json\/wp\/v2\/product_cat?post=790464"},{"taxonomy":"product_tag","embeddable":true,"href":"https:\/\/neocarbone.com\/it\/wp-json\/wp\/v2\/product_tag?post=790464"}],"curies":[{"name":"wp","href":"https:\/\/api.w.org\/{rel}","templated":true}]}}