{"id":790492,"date":"2026-03-10T21:22:08","date_gmt":"2026-03-10T19:22:08","guid":{"rendered":"https:\/\/neocarbone.com\/?post_type=product&#038;p=790492"},"modified":"2026-03-11T10:05:07","modified_gmt":"2026-03-11T08:05:07","slug":"odijelo-pescador-fire-gray-7mm","status":"publish","type":"product","link":"https:\/\/neocarbone.com\/it\/product\/odijelo-pescador-fire-gray-7mm\/","title":{"rendered":"Tuta Pescador Fire Gray \u2013 7mm"},"content":{"rendered":"<p><strong>Muta da sub &quot;Fire Gray&quot; Yamamoto - 7 mm<\/strong><\/p>\n<p><strong>Mute da sub Yamamoto &quot;Bio&quot; in neoprene - Delicate sulla pelle<\/strong><\/p>\n<ul>\n<li>I prodotti in gomma della Yamamoto Corporation sono realizzati in schiuma a cellule completamente chiuse (struttura a nido d&#039;ape), che offre eccellenti qualit\u00e0 di isolamento termico, elevata flessibilit\u00e0 e una densit\u00e0 molto bassa (leggerezza).<\/li>\n<li>Yamamoto Corporation \u00e8 in grado di fornire materiali eccellenti e di alta qualit\u00e0, con gli spessori appropriati che soddisfano i requisiti ambientali e di utilizzo.<\/li>\n<li>Il neoprene Yamamoto viene classificato in base alla sua resistenza e flessibilit\u00e0. Il materiale Yamamoto 39 \u00e8 il pi\u00f9 utilizzato.<\/li>\n<li>Questo neoprene viene utilizzato nella pesca subacquea, nell&#039;apnea, nel surf e nel triathlon.<\/li>\n<li>Tutti i materiali vantano le seguenti qualit\u00e0 superiori:<\/li>\n<li>Resistenza estremamente bassa:<\/li>\n<li>Elevata ritenzione del calore<\/li>\n<li>Leggero<\/li>\n<li>Elevata durata<\/li>\n<li>Nella progettazione delle mute PESCADOR SUB, il comfort e il benessere dei pescatori subacquei sono stati i principi guida.<\/li>\n<li>Quando un pescatore subacqueo indossa una muta con taglio anatomico, pu\u00f2 muoversi sott&#039;acqua con la stessa libert\u00e0 di quando non indossa una muta. Oltre a ridurre la capacit\u00e0 della muta di trattenere il calore, permette di trascorrere ore in acque con temperature comprese tra i 10 e i 15 gradi Celsius senza nemmeno accorgersene.<\/li>\n<li>Grazie alla sua colorazione mimetica, puoi scegliere quello pi\u00f9 adatto alle tue esigenze in base al tipo di pesca e alla zona che intendi praticare.<\/li>\n<li>Il pesce che ti aspetta per essere portato a casa \u00e8 l&#039;unica cosa a cui pensi quando ti dedichi al tuo hobby, perch\u00e9 PESCADOR SUB valorizza tutti i fattori importanti nella creazione di prodotti di eccellenza.<\/li>\n<li>Abbiamo tute da 1 punto: 5 mm, 3 mm, 5 mm, 7 mm e 9 mm.<\/li>\n<li><strong><strong>Taglie: M, L, XL, 2XL, 3XL, 4XL<\/strong><\/strong><\/li>\n<\/ul>\n<p>&nbsp;<\/p>\n<p><strong>Combinazione di caccia sottomarino \u201cFire Grey\u201d Yamamoto \u2013 7mm<\/strong><\/p>\n<p><strong>Combinazioni &quot;Bio&quot; Neoprene Yamamoto - ipoallergenico<\/strong><\/p>\n<ul>\n<li>Les combinaisons Pescador sub utilizzano un camuffamento 3D utilizzando una tecnica d&#039;impression 3D basata su motivi ispirati alla natura avec une coupe anatomicque de pointe. Queste combinazioni si rivolgono a coloro che partecipano a un bel mimetismo pi\u00f9 efficace e si integrano perfettamente con l&#039;ambiente.<\/li>\n<li>Per esempio, i pesci che vogliamo tanto non sono completamente monocolore, 99 % dei pesci hanno un ventre bianco con due fuochi. La ragione \u00e8 che quando il poisson \u00e8 vu d&#039;en bas, si confonde con la luminosit\u00e0 del cielo e viceversa, quando \u00e8 vu d&#039;en haut, si mimetizza facilmente con l&#039;oscurit\u00e0 dei fondali marini.<\/li>\n<li>Il colore nero \u00abtradizionale\u00bb \u00e8 sempre una silhouette facilmente riconoscibile nell&#039;acqua. Un buon esempio sono le foche, hanno questo colore per assorbire efficacemente il calore del sole per combattere le temperature fredde negli ambienti glaciali, ma quando entrano nell&#039;acqua, devono essere facili da predare per la loro silhouette bien definita.<\/li>\n<li>Le r\u00e9alisme 3D utilisate par Pescador presenta un effetto d&#039;arri\u00e8re-plan adouci, con una profondit\u00e0 di campo ridotta per migliorare l&#039;efficacia del camuffamento.<\/li>\n<li>Notre n\u00e9oprene de choix est le Yamamoto 39, considerato come il migliore al mondo per le combinazioni di apn\u00e9e, surf e triathlon.<\/li>\n<li>Durante un certo periodo, non \u00e8 stato possibile migliorare il vantaggio di questo materiale, il Yamamoto 39, proprio come un materiale esterno \u00e8 disponibile per offrire flessibilit\u00e0 e in pi\u00f9 gli altri materiali sono attualmente sul mercato.<\/li>\n<li>Yamamoto 39 est notre meilleur n\u00e9opr\u00e8ne, creato da Yamamoto Japon, compos\u00e9 de cellules ferm\u00e9es dans una struttura esagonale tecnicamente connue sous le nom de HONEYCOMB, qui ofre una densit\u00e0 plus faible (meno pesi), une plus grande flessibilit\u00e0 e un eccellente isolamento termico senza fuiti.<\/li>\n<li>Le n\u00e9oprene utilisate dans notre \u00e9quipement Yamamoto presenta le seguenti caratteristiche:<\/li>\n<li>\u2013 Maggiore mobilit\u00e0<\/li>\n<li>\u2013 Maggiore comfort<\/li>\n<li>\u2013 Alta capacit\u00e0 di ritenzione del calore<\/li>\n<li>- Leggero<\/li>\n<li>\u2013 Grande durata<\/li>\n<li>Le combinazioni di pesca sono realizzate in una grande variet\u00e0 di motivi colorati per diversi tipi di ambienti marini e sottomarini, realizzati con un modello anatomico moderno e sulla punta della tecnologia. L&#039;obiettivo principale \u00e8 offrire il massimo del comfort e del benessere durante l&#039;utilizzo, consentendo una maggiore libert\u00e0 di movimento e un isolamento termico superiore.<\/li>\n<li>Pescador valorizza tutti i punti cruciali, concentrandosi sull&#039;offerta di un prodotto d&#039;eccellenza, utilizzando i materiali delle punte disponibili sul mercato mondiale per garantire il massimo del comfort e del piacere durante la pratica del proprio sport preferito.<\/li>\n<li>Le nostre combinazioni sono disponibili in 3 mm, 5 mm, 7 mm, 8 mm e 9 mm<\/li>\n<li><strong>Taglie: M, L, XL, 2XL, 3XL, 4XL<\/strong><\/li>\n<\/ul>","protected":false},"excerpt":{"rendered":"<p>Wetsuit \u201cFire Gray\u201d Yamamoto \u2013 7mm Wetsuits Yamamoto \u201cBio\u201d Neoprene \u2013 Friendly skin The rubber products from Yamamoto Corporation are made of fully closed-cell foam (honeycomb structure), which offers excellent thermal insulation qualities, high flexibility, and a very low density (lightweight). Yamamoto Corporation can supply excellent, high-quality materials at the appropriate thicknesses that satisfy environmental [&hellip;]<\/p>\n","protected":false},"featured_media":790420,"template":"","meta":{"_et_pb_use_builder":"","_et_pb_old_content":"","_et_gb_content_width":""},"product_brand":[],"product_cat":[54,50,43,170],"product_tag":[],"class_list":{"0":"post-790492","1":"product","2":"type-product","3":"status-publish","4":"has-post-thumbnail","6":"product_cat-novi-proizvodi","7":"product_cat-odijela-7mm","8":"product_cat-odijela-za-podvodni-ribolov","9":"product_cat-pescador","11":"first","12":"instock","13":"shipping-taxable","14":"purchasable","15":"product-type-variable"},"_links":{"self":[{"href":"https:\/\/neocarbone.com\/it\/wp-json\/wp\/v2\/product\/790492","targetHints":{"allow":["GET"]}}],"collection":[{"href":"https:\/\/neocarbone.com\/it\/wp-json\/wp\/v2\/product"}],"about":[{"href":"https:\/\/neocarbone.com\/it\/wp-json\/wp\/v2\/types\/product"}],"wp:featuredmedia":[{"embeddable":true,"href":"https:\/\/neocarbone.com\/it\/wp-json\/wp\/v2\/media\/790420"}],"wp:attachment":[{"href":"https:\/\/neocarbone.com\/it\/wp-json\/wp\/v2\/media?parent=790492"}],"wp:term":[{"taxonomy":"product_brand","embeddable":true,"href":"https:\/\/neocarbone.com\/it\/wp-json\/wp\/v2\/product_brand?post=790492"},{"taxonomy":"product_cat","embeddable":true,"href":"https:\/\/neocarbone.com\/it\/wp-json\/wp\/v2\/product_cat?post=790492"},{"taxonomy":"product_tag","embeddable":true,"href":"https:\/\/neocarbone.com\/it\/wp-json\/wp\/v2\/product_tag?post=790492"}],"curies":[{"name":"wp","href":"https:\/\/api.w.org\/{rel}","templated":true}]}}